{"id":810,"date":"2021-11-21T20:41:54","date_gmt":"2021-11-21T20:41:54","guid":{"rendered":"https:\/\/www.spyearpiece.com\/pruefungen-betrug-4g-kamera-video-demo\/"},"modified":"2023-09-06T15:54:33","modified_gmt":"2023-09-06T15:54:33","slug":"unsichtbare-mini-kamera-zum-spicken-in-prufung","status":"publish","type":"page","link":"https:\/\/www.spyearpiece.com\/de\/unsichtbare-mini-kamera-zum-spicken-in-prufung\/","title":{"rendered":"So verwenden Sie versteckte Kameras f\u00fcr Pr\u00fcfungsbetrug Video demo"},"content":{"rendered":"<div class=\"wpb-content-wrapper\"><p>[vc_row][vc_column][vc_video link=&#8221;https:\/\/vimeo.com\/651214651&#8243; title=&#8221;Die besten Pr\u00fcfungen, die 4G-Kamera mit Spionage-Ohrh\u00f6rer betr\u00fcgen&#8221;][\/vc_column][\/vc_row][vc_row][vc_column][vc_btn title=&#8221;Gehe zu Pr\u00fcfung Betrugskameras&#8221; color=&#8221;primary&#8221; link=&#8221;url:https%3A%2F%2Fwww.spyearpiece.com%2Fde%2Fversteckte-kamera-fuer-pruefungsbetrug%2F|title:Spionage-Kopfh%C3%B6rer-Kamera|&#8221;][\/vc_column][\/vc_row][vc_row][vc_column]<div class=\"woocommerce columns-2 \">\n\n\n<ul id=\"products\" class=\"product-category-list products products-grid small-block-grid-2 medium-block-grid-2 large-block-grid-2 xlarge-block-grid-2 xxlarge-block-grid-2 columns-2 product-layout-grid\"><li class=\"product-item  spinner-bounce palign-center  product_hover_enable product_hover_mob_enable\" >\n\n\t<figure class=\"product-inner\">\n\n\t\t\t\t\n\t\t<!-- Product Thumbnail -->\n\n\t\t<div class=\"image-container standart\">\t\t\n\t\t<a href=\"https:\/\/www.spyearpiece.com\/de\/produkt\/invisible-camera-to-exam-cheating-lar-pro-4g-ii\/\">\n\t\t\n\t\t\n\t\t\n\t\t<div class=\"product_thumbnail_wrapper\">\t\n\t\t\t<div class=\"product_thumbnail with_second_image\">\n\n\t\t\t\t\t<span class=\"product_thumbnail_background\" style=\"background-image:url(https:\/\/www.spyearpiece.com\/wp-content\/uploads\/spy-earpiece-camera-exam-cheating-4G-wifi-450x355.jpg)\"><\/span>\n\t\t\t\t\t<img decoding=\"async\" width=\"450\" height=\"355\" src=\"https:\/\/www.spyearpiece.com\/wp-content\/uploads\/hidden-earpiece-camera-4G-450x355.jpg\" class=\"attachment-woocommerce_thumbnail size-woocommerce_thumbnail wp-post-image\" alt=\"Hidden earpiece camera 4G\" \/>\n\t\t\t<\/div>\n\t\t<\/div><!--.product_thumbnail_wrapper-->\n\n\t\t\n\t\t\t\t\t\t\t\n\n\t\n\n            \n\n\n            \n\t\t\t\t\t\t\t\n\n\t\t\t\t \t\n\n\t\t\t\t\n\t<\/a>\n\t\t<\/div><!--.image-container-->\n\n\n\n\n\t<div class=\"category-discription-grid-list\">\n\t\n\n\t\t\n\n\t\t<h4><a class=\"product-title-link\" href=\"https:\/\/www.spyearpiece.com\/de\/produkt\/invisible-camera-to-exam-cheating-lar-pro-4g-ii\/\">Invisible Camera to exam cheating Lar\u00ae pro 4G II<\/a><\/h4>\t\n\n        \t        <div class=\"archive-product-rating\">\n\t\t\t\t\t\t\t<\/div>\n        \n\t\t\t\t\t\t\t\t\t<p class=\"description-list\"><\/p>\n\t\t\t\t\t\t<\/div><!--.category-discription-grid-list-->\n\n\n\n\t<div class=\"category-price-grid-list\">\n\t\t\n\t<span class=\"price\"><span class=\"woocommerce-Price-amount amount\"><bdi><span class=\"woocommerce-Price-currencySymbol\">&euro;<\/span>2,760.00<\/bdi><\/span><\/span>\n\t\t<div class=\"clearfix\"><\/div>\n\t\t\t\t\t<div class=\"availability\"><label>Availability: <\/label><span class=\"available\">Vorr\u00e4tig<\/span><\/div>\t\t\t<a href=\"https:\/\/www.spyearpiece.com\/de\/produkt\/invisible-camera-to-exam-cheating-lar-pro-4g-ii\/\" class=\"woocommerce-LoopProduct-link woocommerce-loop-product__link\">\t\t\t<\/a><a href=\"\/de\/wp-json\/wp\/v2\/pages\/810?add-to-cart=2115\" aria-describedby=\"woocommerce_loop_add_to_cart_link_describedby_2115\" data-quantity=\"1\" class=\"button product_type_simple add_to_cart_button ajax_add_to_cart\" data-product_id=\"2115\" data-product_sku=\"\" aria-label=\"In den Warenkorb legen: \u201eInvisible Camera to exam cheating Lar\u00ae pro 4G II\u201c\" rel=\"nofollow\" data-success_message=\"&ldquo;Invisible Camera to exam cheating Lar\u00ae pro 4G II&rdquo; has been added to your cart\" role=\"button\">In den Warenkorb<\/a>\t<span id=\"woocommerce_loop_add_to_cart_link_describedby_2115\" class=\"screen-reader-text\">\n\t\t\t<\/span>\n \n\t\t\t<div class=\"clearfix\"><\/div>\n\t\t\t\t\t\t\n\t\t<div class=\"prod-plugins\">\n\t\t\t<ul>\n\t\t\t\t<li>[yith_wcwl_add_to_wishlist]<\/li><li>[yith_compare_button]<\/li>\t\t\t<\/ul>\n\t\t<\/div>\n\n\t\t\t\t\n\n\t<\/div><!--.category-price-grid-list-->\t\n\n\n\n\t<div class=\"category-discription-grid\">\n\t\t\n\n\t\t<h4><a class=\"product-title-link\" href=\"https:\/\/www.spyearpiece.com\/de\/produkt\/invisible-camera-to-exam-cheating-lar-pro-4g-ii\/\">Invisible Camera to exam cheating Lar\u00ae pro 4G II<\/a><\/h4>\t\n\n        \t        <div class=\"archive-product-rating\">\n\t\t\t\t\t\t\t<\/div>\n                \n\n\n\t\t<div class=\"product_after_shop_loop\">\n\t\t\t\n\t\t\t\n\t\t\t\n\t\t\t<div class=\"product_after_shop_loop_switcher\">\n\t\t\t\t\n\t\t\t\t<div class=\"product_after_shop_loop_price\">\n\t\t\t\t\t\n\t<span class=\"price\"><span class=\"woocommerce-Price-amount amount\"><bdi><span class=\"woocommerce-Price-currencySymbol\">&euro;<\/span>2,760.00<\/bdi><\/span><\/span>\n\t\t\t\t<\/div>\n\n\t\t\t\t<div class=\"product_after_shop_loop_buttons\">\n\t\t\t\t\t<\/a><a href=\"\/de\/wp-json\/wp\/v2\/pages\/810?add-to-cart=2115\" aria-describedby=\"woocommerce_loop_add_to_cart_link_describedby_2115\" data-quantity=\"1\" class=\"button product_type_simple add_to_cart_button ajax_add_to_cart\" data-product_id=\"2115\" data-product_sku=\"\" aria-label=\"In den Warenkorb legen: \u201eInvisible Camera to exam cheating Lar\u00ae pro 4G II\u201c\" rel=\"nofollow\" data-success_message=\"&ldquo;Invisible Camera to exam cheating Lar\u00ae pro 4G II&rdquo; has been added to your cart\" role=\"button\">In den Warenkorb<\/a>\t<span id=\"woocommerce_loop_add_to_cart_link_describedby_2115\" class=\"screen-reader-text\">\n\t\t\t<\/span>\n \n\t\t\t\t<\/div>\n\n\t\t\t\t\n\t\t\t<\/div>\n\t\t\t\n\t\t<\/div>\n\n\t<\/div><!--.category-discription-grid-->\t\n\n\t\t<div class=\"inner-desc\">\n\t\t\t\t\t\t\t\t\t<p class=\"description-list\"><\/p>\n\t\t\t\t\t\t\t\n\t\t\t\t\t\n\t\t<div class=\"prod-plugins\">\n\t\t\t<ul>\n\t\t\t\t<li>[yith_wcwl_add_to_wishlist]<\/li><li>[yith_compare_button]<\/li>\t\t\t<\/ul>\n\t\t<\/div>\n\n\t\t\t\t<\/div>\n\n\t<\/figure>\n\t<!-- <div class=\"clearfix\"><\/div> -->\n<\/li>\n<li class=\"product-item  spinner-bounce palign-center  product_hover_enable product_hover_mob_enable\" >\n\n\t<figure class=\"product-inner\">\n\n\t\t\t\t\n\t\t<!-- Product Thumbnail -->\n\n\t\t<div class=\"image-container standart\">\t\t\n\t\t<a href=\"https:\/\/www.spyearpiece.com\/de\/produkt\/lar-pro-kamera-zum-schummeln-bei-prufungen\/\">\n\t\t\n\t\t\n\t\t\n\t\t<div class=\"product_thumbnail_wrapper\">\t\n\t\t\t<div class=\"product_thumbnail with_second_image\">\n\n\t\t\t\t\t<span class=\"product_thumbnail_background\" style=\"background-image:url(https:\/\/www.spyearpiece.com\/wp-content\/uploads\/Kamera-fur-Prufungsbetrug-mit-Spion-kopfhorer-450x355.jpg)\"><\/span>\n\t\t\t\t\t<img decoding=\"async\" width=\"450\" height=\"355\" src=\"https:\/\/www.spyearpiece.com\/wp-content\/uploads\/Lar-Pro-Kamera-zum-Schummeln-bei-Prufungen-450x355.jpg\" class=\"attachment-woocommerce_thumbnail size-woocommerce_thumbnail wp-post-image\" alt=\"Versteckte Kopfh\u00f6rerkamera 4G\" \/>\n\t\t\t<\/div>\n\t\t<\/div><!--.product_thumbnail_wrapper-->\n\n\t\t\n\t\t\t\t\t\t\t\n\n\t\n\n            \n\n\n            \n\t\t\t\t\t\t\t\n\n\t\t\t\t \t\n\n\t\t\t\t\n\t<\/a>\n\t\t<\/div><!--.image-container-->\n\n\n\n\n\t<div class=\"category-discription-grid-list\">\n\t\n\n\t\t\n\n\t\t<h4><a class=\"product-title-link\" href=\"https:\/\/www.spyearpiece.com\/de\/produkt\/lar-pro-kamera-zum-schummeln-bei-prufungen\/\">Lar\u00ae Pro Kamera zum Schummeln bei Pr\u00fcfungen<\/a><\/h4>\t\n\n        \t        <div class=\"archive-product-rating\">\n\t\t\t\t\t\t\t<\/div>\n        \n\t\t\t\t\t\t\t\t\t<p class=\"description-list\"><\/p>\n\t\t\t\t\t\t<\/div><!--.category-discription-grid-list-->\n\n\n\n\t<div class=\"category-price-grid-list\">\n\t\t\n\t<span class=\"price\"><span class=\"woocommerce-Price-amount amount\"><bdi><span class=\"woocommerce-Price-currencySymbol\">&euro;<\/span>2,560.00<\/bdi><\/span><\/span>\n\t\t<div class=\"clearfix\"><\/div>\n\t\t\t\t\t<div class=\"availability\"><label>Availability: <\/label><span class=\"available\">Vorr\u00e4tig<\/span><\/div>\t\t\t<a href=\"https:\/\/www.spyearpiece.com\/de\/produkt\/lar-pro-kamera-zum-schummeln-bei-prufungen\/\" class=\"woocommerce-LoopProduct-link woocommerce-loop-product__link\">\t\t\t<\/a><a href=\"\/de\/wp-json\/wp\/v2\/pages\/810?add-to-cart=877\" aria-describedby=\"woocommerce_loop_add_to_cart_link_describedby_877\" data-quantity=\"1\" class=\"button product_type_simple add_to_cart_button ajax_add_to_cart\" data-product_id=\"877\" data-product_sku=\"\" aria-label=\"In den Warenkorb legen: \u201eLar\u00ae Pro Kamera zum Schummeln bei Pr\u00fcfungen\u201c\" rel=\"nofollow\" data-success_message=\"&ldquo;Lar\u00ae Pro Kamera zum Schummeln bei Pr\u00fcfungen&rdquo; has been added to your cart\" role=\"button\">In den Warenkorb<\/a>\t<span id=\"woocommerce_loop_add_to_cart_link_describedby_877\" class=\"screen-reader-text\">\n\t\t\t<\/span>\n \n\t\t\t<div class=\"clearfix\"><\/div>\n\t\t\t\t\t\t\n\t\t<div class=\"prod-plugins\">\n\t\t\t<ul>\n\t\t\t\t<li>[yith_wcwl_add_to_wishlist]<\/li><li>[yith_compare_button]<\/li>\t\t\t<\/ul>\n\t\t<\/div>\n\n\t\t\t\t\n\n\t<\/div><!--.category-price-grid-list-->\t\n\n\n\n\t<div class=\"category-discription-grid\">\n\t\t\n\n\t\t<h4><a class=\"product-title-link\" href=\"https:\/\/www.spyearpiece.com\/de\/produkt\/lar-pro-kamera-zum-schummeln-bei-prufungen\/\">Lar\u00ae Pro Kamera zum Schummeln bei Pr\u00fcfungen<\/a><\/h4>\t\n\n        \t        <div class=\"archive-product-rating\">\n\t\t\t\t\t\t\t<\/div>\n                \n\n\n\t\t<div class=\"product_after_shop_loop\">\n\t\t\t\n\t\t\t\n\t\t\t\n\t\t\t<div class=\"product_after_shop_loop_switcher\">\n\t\t\t\t\n\t\t\t\t<div class=\"product_after_shop_loop_price\">\n\t\t\t\t\t\n\t<span class=\"price\"><span class=\"woocommerce-Price-amount amount\"><bdi><span class=\"woocommerce-Price-currencySymbol\">&euro;<\/span>2,560.00<\/bdi><\/span><\/span>\n\t\t\t\t<\/div>\n\n\t\t\t\t<div class=\"product_after_shop_loop_buttons\">\n\t\t\t\t\t<\/a><a href=\"\/de\/wp-json\/wp\/v2\/pages\/810?add-to-cart=877\" aria-describedby=\"woocommerce_loop_add_to_cart_link_describedby_877\" data-quantity=\"1\" class=\"button product_type_simple add_to_cart_button ajax_add_to_cart\" data-product_id=\"877\" data-product_sku=\"\" aria-label=\"In den Warenkorb legen: \u201eLar\u00ae Pro Kamera zum Schummeln bei Pr\u00fcfungen\u201c\" rel=\"nofollow\" data-success_message=\"&ldquo;Lar\u00ae Pro Kamera zum Schummeln bei Pr\u00fcfungen&rdquo; has been added to your cart\" role=\"button\">In den Warenkorb<\/a>\t<span id=\"woocommerce_loop_add_to_cart_link_describedby_877\" class=\"screen-reader-text\">\n\t\t\t<\/span>\n \n\t\t\t\t<\/div>\n\n\t\t\t\t\n\t\t\t<\/div>\n\t\t\t\n\t\t<\/div>\n\n\t<\/div><!--.category-discription-grid-->\t\n\n\t\t<div class=\"inner-desc\">\n\t\t\t\t\t\t\t\t\t<p class=\"description-list\"><\/p>\n\t\t\t\t\t\t\t\n\t\t\t\t\t\n\t\t<div class=\"prod-plugins\">\n\t\t\t<ul>\n\t\t\t\t<li>[yith_wcwl_add_to_wishlist]<\/li><li>[yith_compare_button]<\/li>\t\t\t<\/ul>\n\t\t<\/div>\n\n\t\t\t\t<\/div>\n\n\t<\/figure>\n\t<!-- <div class=\"clearfix\"><\/div> -->\n<\/li>\n<\/ul><\/div>[\/vc_column][\/vc_row][vc_row][vc_column][vc_column_text]Die Sos Esp\u00edas-Gruppe und SpyEarpiece.com pr\u00e4sentiert die neue Version der Lar Kamera. Dies ist ein Stift&#8230;<\/p>\n<p>Und das ist der Mikropunkt, mit dem das neueste Modell der Lar Kamera mehr als 40 Dokumente in 60 Sekunden lesen und \u00fcbertragen kann<\/p>\n<p>Sehen Sie sich die Stoppuhr an<\/p>\n<p>Bei dieser Version haben wir uns um ein Design bem\u00fcht, das es besonders einfach macht, es in jedem Kleidungsst\u00fcck vollst\u00e4ndig zu verbergen<\/p>\n<p>Die Lar Kamera ist bereits installiert,<\/p>\n<p>Wir haben gerade eben die<a title=\"Versteckte Kamera f\u00fcr Pr\u00fcfungsbetrug\" href=\"https:\/\/www.spyearpiece.com\/de\/versteckte-kamera-fuer-pruefungsbetrug\/\">\u00a0Kamera f\u00fcr Pr\u00fcfungsbetrug<\/a> mit <a title=\"Versteckte Kopfh\u00f6rer und Kamera f\u00fcr Pr\u00fcfungsbetrug\" href=\"https:\/\/www.spyearpiece.com\/de\/\"><span style=\"font-weight: 400;\">Versteckter Ohrh\u00f6rer<\/span><\/a>, um Dokumente in Rekordzeit mit einem bisher unbekannten Ergebnis zu \u00fcbertragen<\/p>\n<p>Oben sieht man, was die Kamera sieht&#8230; Das Bedienfeld zeigt eine perfekte Optik<\/p>\n<p>Beachten Sie, dass selbst wenn man wei\u00df, dass sich eine Kamera dort befindet und man genau wei\u00df, wo sich diese befindet, es nicht m\u00f6glich ist diese zu entdecken.<\/p>\n<p>Versuchen Sie die &#8220;<a title=\"Pr\u00fcfungs Betrugskamera\" href=\"https:\/\/www.spyearpiece.com\/de\/versteckte-kamera-fuer-pruefungsbetrug\/\">Pr\u00fcfungs Betrugskamera<\/a>&#8221; zu finden. Es ist unm\u00f6glich, obwohl das Logo des Kleidungsst\u00fccks die Tarnung nicht unbedingt erleichtert[\/vc_column_text][\/vc_column][\/vc_row][vc_row][vc_column][vc_btn title=&#8221;Gehe zu Pr\u00fcfung Betrugskameras&#8221; color=&#8221;primary&#8221; link=&#8221;url:https%3A%2F%2Fwww.spyearpiece.com%2Fde%2Fversteckte-kamera-fuer-pruefungsbetrug%2F|title:Spionage-Kopfh%C3%B6rer-Kamera|&#8221;][\/vc_column][\/vc_row]<\/p>\n<\/div>","protected":false},"excerpt":{"rendered":"<p>[vc_row][vc_column][vc_video link=&#8221;https:\/\/vimeo.com\/651214651&#8243; title=&#8221;Die besten Pr\u00fcfungen, die 4G-Kamera mit Spionage-Ohrh\u00f6rer betr\u00fcgen&#8221;][\/vc_column][\/vc_row][vc_row][vc_column][vc_btn title=&#8221;Gehe zu Pr\u00fcfung Betrugskameras&#8221; color=&#8221;primary&#8221; link=&#8221;url:https%3A%2F%2Fwww.spyearpiece.com%2Fde%2Fversteckte-kamera-fuer-pruefungsbetrug%2F|title:Spionage-Kopfh%C3%B6rer-Kamera|&#8221;][\/vc_column][\/vc_row][vc_row][vc_column][\/vc_column][\/vc_row][vc_row][vc_column][vc_column_text]Die Sos Esp\u00edas-Gruppe und SpyEarpiece.com pr\u00e4sentiert die neue Version der Lar Kamera. Dies ist ein Stift&#8230; Und das ist der Mikropunkt, mit dem das neueste Modell der Lar Kamera mehr als 40 Dokumente in 60 Sekunden lesen und \u00fcbertragen kann [&hellip;]<\/p>\n","protected":false},"author":1,"featured_media":0,"parent":0,"menu_order":0,"comment_status":"closed","ping_status":"closed","template":"","meta":{"_acf_changed":false,"_joinchat":[],"footnotes":""},"class_list":["post-810","page","type-page","status-publish","hentry"],"acf":[],"aioseo_notices":[],"_links":{"self":[{"href":"https:\/\/www.spyearpiece.com\/de\/wp-json\/wp\/v2\/pages\/810","targetHints":{"allow":["GET"]}}],"collection":[{"href":"https:\/\/www.spyearpiece.com\/de\/wp-json\/wp\/v2\/pages"}],"about":[{"href":"https:\/\/www.spyearpiece.com\/de\/wp-json\/wp\/v2\/types\/page"}],"author":[{"embeddable":true,"href":"https:\/\/www.spyearpiece.com\/de\/wp-json\/wp\/v2\/users\/1"}],"replies":[{"embeddable":true,"href":"https:\/\/www.spyearpiece.com\/de\/wp-json\/wp\/v2\/comments?post=810"}],"version-history":[{"count":19,"href":"https:\/\/www.spyearpiece.com\/de\/wp-json\/wp\/v2\/pages\/810\/revisions"}],"predecessor-version":[{"id":1853,"href":"https:\/\/www.spyearpiece.com\/de\/wp-json\/wp\/v2\/pages\/810\/revisions\/1853"}],"wp:attachment":[{"href":"https:\/\/www.spyearpiece.com\/de\/wp-json\/wp\/v2\/media?parent=810"}],"curies":[{"name":"wp","href":"https:\/\/api.w.org\/{rel}","templated":true}]}}