{"id":823,"date":"2021-11-21T23:46:39","date_gmt":"2021-11-21T23:46:39","guid":{"rendered":"https:\/\/www.spyearpiece.com\/spionage-ohrhoerer-und-spionage-kamera-pruefungsbetrug-systeme\/"},"modified":"2023-12-13T18:15:06","modified_gmt":"2023-12-13T18:15:06","slug":"spionage-ohrhoerer-und-spionage-kamera-pruefungsbetrug-systeme","status":"publish","type":"page","link":"https:\/\/www.spyearpiece.com\/de\/","title":{"rendered":"Versteckte Kopfh\u00f6rer und Kamera f\u00fcr Pr\u00fcfungsbetrug"},"content":{"rendered":"<div class=\"wpb-content-wrapper\"><p>[vc_row][vc_column][vc_column_text]<\/p>\r\n\r\n<figure class=\"wp-block-image\"><img decoding=\"async\" class=\"wp-image-336 aligncenter\" src=\"https:\/\/www.spyearpiece.com\/wp-content\/uploads\/Versteckte-Kopfhorer-und-Kamera-fur-Prufungsbetrug.jpg\" alt=\"Spionage-Ohrh\u00f6rer versteckter H\u00f6rer, um die Pr\u00fcfung zu betr\u00fcgen\" \/><\/figure>\r\n<p>[\/vc_column_text][\/vc_column][\/vc_row][vc_row][vc_column width=&#8221;1\/3&#8243;][vc_icon icon_fontawesome=&#8221;fas fa-book-reader&#8221; color=&#8221;grey&#8221; size=&#8221;xl&#8221; align=&#8221;center&#8221;][vc_column_text]<\/p>\r\n<h2 align=\"center\">Ohrh\u00f6rer zum Schummeln bei Pr\u00fcfungen.<\/h2>\r\n<p>[\/vc_column_text][\/vc_column][vc_column width=&#8221;1\/3&#8243;][vc_icon icon_fontawesome=&#8221;fas fa-briefcase&#8221; color=&#8221;grey&#8221; size=&#8221;xl&#8221; align=&#8221;center&#8221;][vc_column_text]<\/p>\r\n<h2 style=\"text-align: center;\">Versteckter Ohrh\u00f6rer f\u00fcr Gesch\u00e4ftstreffen.<\/h2>\r\n<p>[\/vc_column_text][\/vc_column][vc_column width=&#8221;1\/3&#8243;][vc_icon icon_fontawesome=&#8221;fas fa-chalkboard-teacher&#8221; color=&#8221;grey&#8221; size=&#8221;xl&#8221; align=&#8221;center&#8221;][vc_column_text]<\/p>\r\n<h2 style=\"text-align: center;\">Versteckter Ohrh\u00f6rer f\u00fcr Dozenten<\/h2>\r\n<p>[\/vc_column_text][\/vc_column][\/vc_row][vc_row][vc_column][vc_empty_space][\/vc_column][\/vc_row][vc_row][vc_column][vc_column_text]<\/p>\r\n<p style=\"text-align: center;\"><span style=\"font-size: 18pt;\">SpyEarpiece.com war die erste Internet-Domain, die sich dem Design der &#8220;<a title=\"Versteckte Kopfh\u00f6rer und Kamera f\u00fcr Pr\u00fcfungsbetrug\" href=\"https:\/\/www.spyearpiece.com\/de\/\">Kamerasysteme mit Ohrh\u00f6rer f\u00fcr Pr\u00fcfungen<\/a>&#8221; widmete.<\/span><\/p>\r\n<p>[\/vc_column_text][\/vc_column][\/vc_row][vc_row][vc_column][vc_column_text]<\/p>\r\n<p style=\"text-align: center;\"><span style=\"font-size: 24pt;\">Being the first has made us the best.<\/span><\/p>\r\n<p>[\/vc_column_text][\/vc_column][\/vc_row][vc_row full_width=&#8221;stretch_row&#8221; css=&#8221;.vc_custom_1636972546897{background-color: #000000 !important;}&#8221;][vc_column][vc_column_text]<\/p>\r\n<h2>Hochwertige Spionage-Ohrh\u00f6rer<\/h2>\r\n<p>Die &#8220;hoch-qualitativen Spionage Ohrh\u00f6rer&#8221; unseres Katalogs sind in mehrere Modelle unterteilt und obwohl einige besser sind als die anderen, erf\u00fcllen sie alle folgende Zwecke:<\/p>\r\n<ul>\r\n<li style=\"list-style-type: none;\">\r\n<ul>\r\n<li><strong>Ergonomische Form<\/strong>: wird nicht nach au\u00dfen hin bemerkt<\/li>\r\n<\/ul>\r\n<\/li>\r\n<\/ul>\r\n<ul>\r\n<li style=\"list-style-type: none;\">\r\n<ul>\r\n<li><strong>Polymergeh\u00e4use:<\/strong> Zur Vermeidung externer Ger\u00e4usche<\/li>\r\n<\/ul>\r\n<\/li>\r\n<\/ul>\r\n<ul>\r\n<li style=\"list-style-type: none;\">\r\n<ul>\r\n<li><strong>Sehr niedriges induktives Niveau:<\/strong> verhindert den Produkt-Nachweis<\/li>\r\n<\/ul>\r\n<\/li>\r\n<\/ul>\r\n<p>[\/vc_column_text][\/vc_column][\/vc_row][vc_row full_width=&#8221;stretch_row&#8221; css=&#8221;.vc_custom_1636972567527{background-color: #000000 !important;}&#8221;][vc_column width=&#8221;1\/2&#8243;][vc_column_text]<\/p>\r\n<h2><a id=\"spyearpiece\"><\/a>Ohrh\u00f6rer Mir 21.<\/h2>\r\n<p>[\/vc_column_text][vc_column_text]<\/p>\r\n<p style=\"text-align: center;\"><img decoding=\"async\" class=\"aligncenter wp-image-922 size-full\" title=\"Ohrh\u00f6rer Mir 21 f\u00fcr Pr\u00fcfungen\" src=\"https:\/\/www.spyearpiece.com\/wp-content\/uploads\/spy-earpiece-cheating-exam-mir-21-Pro2.jpg\" alt=\"Ohrh\u00f6rer Mir 21 f\u00fcr Pr\u00fcfungen\" width=\"600\" height=\"450\" srcset=\"https:\/\/www.spyearpiece.com\/wp-content\/uploads\/spy-earpiece-cheating-exam-mir-21-Pro2.jpg 600w, https:\/\/www.spyearpiece.com\/wp-content\/uploads\/spy-earpiece-cheating-exam-mir-21-Pro2-300x225.jpg 300w, https:\/\/www.spyearpiece.com\/wp-content\/uploads\/spy-earpiece-cheating-exam-mir-21-Pro2-94x70.jpg 94w, https:\/\/www.spyearpiece.com\/wp-content\/uploads\/spy-earpiece-cheating-exam-mir-21-Pro2-450x338.jpg 450w\" sizes=\"(max-width: 600px) 100vw, 600px\" \/><\/p>\r\n<p>[\/vc_column_text][vc_column_text]<\/p>\r\n<p>Etwas erschwinglicher als unser <strong>versteckter Ohrh\u00f6rer Mir 21 pro<\/strong>, beh\u00e4lt dieser jedoch die Hauptmerkmale bei, da es die gleiche Art von Polymer-Geh\u00e4use beinhaltet und auch den Anti-Inhibitor von Lar-Systemen inkludiert.<\/p>\r\n<p>Der geringe Induktionsgrad macht das Produkt nicht nachweisbar<\/p>\r\n<p><span style=\"font-size: 14pt;\"><strong>Price\u00a0[woocs_price id=97]<\/strong><\/span><\/p>\r\n<p>[\/vc_column_text][vc_btn title=&#8221;Preis 960\u20ac Zum Produkt&#8221; color=&#8221;blue&#8221; align=&#8221;right&#8221; link=&#8221;url:https%3A%2F%2Fwww.spyearpiece.com%2Fde%2Fprodukt%2Fmir-21-pro-verstecktes-ohrhorer-fur-prufungen%2F|title:Price%20960%E2%82%AC%20Go%20to%20product&#8221;][\/vc_column][vc_column width=&#8221;1\/2&#8243;][vc_column_text]<\/p>\r\n<h2 style=\"text-align: left;\">Ohrh\u00f6rer Takoon.<\/h2>\r\n<p>[\/vc_column_text][vc_column_text]<\/p>\r\n<p style=\"text-align: center;\"><img decoding=\"async\" class=\"size-full wp-image-924 aligncenter\" src=\"https:\/\/www.spyearpiece.com\/wp-content\/uploads\/spy-earpiece-cheating-exam-Takoon2.jpg\" alt=\"Spy earpiece cheating exam Takoon\" width=\"600\" height=\"450\" srcset=\"https:\/\/www.spyearpiece.com\/wp-content\/uploads\/spy-earpiece-cheating-exam-Takoon2.jpg 600w, https:\/\/www.spyearpiece.com\/wp-content\/uploads\/spy-earpiece-cheating-exam-Takoon2-300x225.jpg 300w, https:\/\/www.spyearpiece.com\/wp-content\/uploads\/spy-earpiece-cheating-exam-Takoon2-94x70.jpg 94w, https:\/\/www.spyearpiece.com\/wp-content\/uploads\/spy-earpiece-cheating-exam-Takoon2-450x338.jpg 450w\" sizes=\"(max-width: 600px) 100vw, 600px\" \/><\/p>\r\n<p>[\/vc_column_text][vc_column_text]<\/p>\r\n<p>Der <strong>versteckte Takoon-Ohrh\u00f6rer<\/strong> ist unsichtbar (wer uns seitlich ansieht, sieht nur ein Loch im leeren Ohr).<\/p>\r\n<p>Der niedriger Induktionsgrad macht ihn nicht nachweisbar, verhindert \u00e4u\u00dfere Ger\u00e4usche und ist immun gegen Inhibitoren&#8230;<\/p>\r\n<p><span style=\"font-size: 14pt;\"><strong>Price\u00a0[woocs_price id=87]<\/strong><\/span><\/p>\r\n<p>[\/vc_column_text][vc_btn title=&#8221;Preis 1.410\u20ac Zum Produkt&#8221; color=&#8221;blue&#8221; align=&#8221;right&#8221; link=&#8221;url:https%3A%2F%2Fwww.spyearpiece.com%2Fde%2Fprodukt%2Ftakoon-verstecktes-ohrhoerer-fuer-pruefungen-mit-lar-system%2F|title:Price%201.410%E2%82%AC%20Go%20to%20product&#8221;][\/vc_column][\/vc_row][vc_row][vc_column][vc_column_text]<\/p>\r\n<h2><strong>Spionage-Ohrh\u00f6rer mit Kamera, perfekt zum Schummeln bei Pr\u00fcfungen <\/strong><\/h2>\r\n<p><strong>Unsichtbare Kameras<\/strong> sind die beste Erg\u00e4nzung zu einem versteckten Ohrh\u00f6rer.<\/p>\r\n<p>Wir haben verschiedene (bis zu 8) Arten von <a title=\"versteckten Kameras\" href=\"https:\/\/www.spyearpiece.com\/de\/\" rel=\"sponsored \">versteckten<\/a> Kameras, um bei Pr\u00fcfungen zu schummeln, aber nur zwei erf\u00fcllen die notwendigen Bedingungen, um Dokumente in unbegrenzter Entfernung zu \u00fcbertragen damit niemand etwas an unserem Aussehen und Gesten bemerkt.<\/p>\r\n<p><strong>Diese Systeme werden als Lar-Kameras<sup>\u00ae<\/sup> genannt<\/strong><\/p>\r\n<p>[\/vc_column_text][\/vc_column][\/vc_row][vc_row][vc_column width=&#8221;1\/2&#8243;][vc_column_text]<\/p>\r\n<h2>Lar<sup>\u00ae<\/sup> Kamera f\u00fcr Pr\u00fcfungen (zum Schummeln bei Pr\u00fcfungen).<\/h2>\r\n<p>[\/vc_column_text][vc_column_text]<\/p>\r\n<p style=\"text-align: center;\"><img decoding=\"async\" class=\"aligncenter wp-image-503 size-full\" title=\"Lar\u00ae Kamera f\u00fcr Pr\u00fcfungen\" src=\"https:\/\/www.spyearpiece.com\/wp-content\/uploads\/Kein-WLAN-fur-schwierige-Erkennung-Kamera-fur-Prufungsbetrug.jpg\" alt=\"Lar\u00ae Kamera f\u00fcr Pr\u00fcfungen\" width=\"600\" height=\"454\" \/><\/p>\r\n<p>[\/vc_column_text][vc_column_text]<\/p>\r\n<p>Nicht nachweisbar, kein Wlan, keine verd\u00e4chtigen Tasten.\u00a0Mikroverbindungen 3g gprs.<\/p>\r\n<p><span style=\"font-size: 14pt;\"><strong>Price\u00a0[woocs_price id=49]<\/strong><\/span><\/p>\r\n<p>[\/vc_column_text][vc_btn title=&#8221;Preis 1.560\u20ac Zum Produkt&#8221; color=&#8221;blue&#8221; align=&#8221;right&#8221; link=&#8221;url:https%3A%2F%2Fwww.spyearpiece.com%2Fde%2Fprodukt%2Flar-kamera-fur-prufungen%2F|title:Preis%201.560%E2%82%AC%20Go%20to%20Product&#8221;][\/vc_column][vc_column width=&#8221;1\/2&#8243;][vc_column_text]<\/p>\r\n<h2>Lar<sup>\u00ae<\/sup> Pro 4G Kamera zum Schummeln bei Pr\u00fcfungen.<\/h2>\r\n<p>[\/vc_column_text][vc_column_text]<\/p>\r\n<p style=\"text-align: center;\"><img decoding=\"async\" class=\"aligncenter wp-image-507 size-large\" title=\"Lar\u00ae Pro Kamera zum Schummeln bei Pr\u00fcfungen\" src=\"https:\/\/www.spyearpiece.com\/wp-content\/uploads\/\/Lar-Pro-Kamera-zum-Schummeln-bei-Prufungen-1024x775.jpg\" alt=\"Lar\u00ae Pro Kamera zum Schummeln bei Pr\u00fcfungen\" width=\"640\" height=\"484\" \/><\/p>\r\n<p>[\/vc_column_text][vc_column_text]<\/p>\r\n<p>Nicht nachweisbar, kein WLAN, keine verd\u00e4chtigen Tasten. Mikroverbindungen 4g. E-Mail: Google Fotos, Youtube-Streaming, etc.<\/p>\r\n<p><span style=\"font-size: 14pt;\"><strong>Price [woocs_price id=394]<\/strong><\/span><\/p>\r\n<p>[\/vc_column_text][vc_btn title=&#8221;Preis 2.560\u20ac Zum Produkt&#8221; color=&#8221;blue&#8221; align=&#8221;right&#8221; link=&#8221;url:https%3A%2F%2Fwww.spyearpiece.com%2Fde%2Fprodukt%2Flar-pro-kamera-zum-schummeln-bei-prufungen%2F|title:Price%202.560%E2%82%AC%20Go%20to%20Product&#8221;][\/vc_column][\/vc_row][vc_row][vc_column][vc_icon icon_fontawesome=&#8221;fab fa-youtube&#8221; color=&#8221;grey&#8221; size=&#8221;xl&#8221; align=&#8221;center&#8221; link=&#8221;url:https%3A%2F%2Fwww.spyearpiece.com%2Fde%2Fversteckte-kamera-fuer-pruefungsbetrug%2F|title:Kamera%20F%C3%BCr%20Pr%C3%BCfungsbetrug&#8221;][vc_column_text]<\/p>\r\n<p style=\"text-align: center;\"><span style=\"color: #3366ff; font-size: 24pt;\"><a style=\"color: #3366ff;\" title=\"See demo video and feature comparison...\" href=\"https:\/\/www.spyearpiece.com\/de\/versteckte-kamera-fuer-pruefungsbetrug\/\">Demo-Video und Funktionsvergleich ansehen&#8230;<\/a><\/span><\/p>\r\n<p>[\/vc_column_text][\/vc_column][\/vc_row][vc_row full_width=&#8221;stretch_row&#8221; css=&#8221;.vc_custom_1636972601410{background-color: #000000 !important;}&#8221;][vc_column][vc_column_text]<\/p>\r\n<h2 style=\"text-align: center;\">\u00a0<\/h2>\r\n<h2>&#8220;Spionage-Ohrh\u00f6rer&#8221; und verdeckte Kommunikation f\u00fcr Sicherheitsoperationen<\/h2>\r\n<p style=\"text-align: center;\"><a title=\"Spy Earpiece Covert communications for security operations\" href=\"https:\/\/www.spyearpiece.com\/de\/\"><img decoding=\"async\" class=\"aligncenter wp-image-930 size-full\" title=\"&quot;Spionage-Ohrh\u00f6rer&quot; und verdeckte Kommunikation f\u00fcr Sicherheitsoperationen\" src=\"https:\/\/www.spyearpiece.com\/wp-content\/uploads\/Spy-Earpiece-Covert-communications-for-security-operations.jpg\" alt=\"&quot;Spionage-Ohrh\u00f6rer&quot; und verdeckte Kommunikation f\u00fcr Sicherheitsoperationen\" width=\"1800\" height=\"403\" srcset=\"https:\/\/www.spyearpiece.com\/wp-content\/uploads\/Spy-Earpiece-Covert-communications-for-security-operations.jpg 1800w, https:\/\/www.spyearpiece.com\/wp-content\/uploads\/Spy-Earpiece-Covert-communications-for-security-operations-300x67.jpg 300w, https:\/\/www.spyearpiece.com\/wp-content\/uploads\/Spy-Earpiece-Covert-communications-for-security-operations-1024x229.jpg 1024w, https:\/\/www.spyearpiece.com\/wp-content\/uploads\/Spy-Earpiece-Covert-communications-for-security-operations-768x172.jpg 768w, https:\/\/www.spyearpiece.com\/wp-content\/uploads\/Spy-Earpiece-Covert-communications-for-security-operations-1536x344.jpg 1536w, https:\/\/www.spyearpiece.com\/wp-content\/uploads\/Spy-Earpiece-Covert-communications-for-security-operations-1280x287.jpg 1280w, https:\/\/www.spyearpiece.com\/wp-content\/uploads\/Spy-Earpiece-Covert-communications-for-security-operations-1000x224.jpg 1000w, https:\/\/www.spyearpiece.com\/wp-content\/uploads\/Spy-Earpiece-Covert-communications-for-security-operations-450x101.jpg 450w\" sizes=\"(max-width: 1800px) 100vw, 1800px\" \/><\/a><\/p>\r\n<p>[\/vc_column_text][\/vc_column][\/vc_row][vc_row full_width=&#8221;stretch_row&#8221; css=&#8221;.vc_custom_1636972630592{background-color: #000000 !important;}&#8221;][vc_column][vc_column_text]<\/p>\r\n<h2 style=\"text-align: center;\">Die SosEspias-Gruppe entwirft seit 1987 versteckte Ohrh\u00f6rer und ist Eigent\u00fcmer von SpyEarpiece.com, der ersten Internet-Domain f\u00fcr versteckte Ohrh\u00f6rer<\/h2>\r\n<p>Die Tatsache, dass immer j\u00fcngere Sch\u00fcler und Studenten <a title=\"&quot;versteckte Ohrh\u00f6rer&quot; als Spionagewerkzeug \u00a0verwenden, um bei Pr\u00fcfungen zu schummeln\" href=\"https:\/\/www.spyearpiece.com\/de\/\">&#8220;versteckte Ohrh\u00f6rer&#8221; als Spionagewerkzeug \u00a0verwenden, um bei Pr\u00fcfungen zu schummeln<\/a>, zieht eine Vielzahl von dubiosen Unternehmen und Betr\u00fcgereien an.<\/p>\r\n<p>Diese Betr\u00fcgereien basieren in der Regel auf dem Angebot billiger chinesischer Ohrh\u00f6rer (bei Aliexpress kosten sie 10\u20ac), denen f\u00e4lschlicherweise Merkmale authentischer Ohrh\u00f6rer f\u00fcr Pr\u00fcfungen unterstellt werden.<\/p>\r\n<p>Diese Art von Betrug wird haupts\u00e4chlich auf Wiederverkaufsseiten oder sogar auf Amazon.com durchgef\u00fchrt, wobei k\u00fcrzlich 3.000 Verk\u00e4ufer von Amazon ausgeschlossen wurden, weil sie falsche, positive Bewertungen ihrer Produkte generiert haben (Folgen Sie der Nachricht auf <a href=\"https:\/\/www.google.com\/search?q=amazon+expels+3000+sellers\">Google).<\/a><\/p>\r\n<p>[\/vc_column_text][\/vc_column][\/vc_row][vc_row][vc_column][vc_column_text]<\/p>\r\n<h2>Was macht die Verwendung der Kamera-Ohrh\u00f6rer bei Pr\u00fcfungen legal oder illegal?<\/h2>\r\n<p>Es gibt nur ein Gesetz: Illegal ist all das, was gesetzlich verboten ist oder was analog mit etwas gesetzlich Verbotenem gleichgesetzt werden kann.<\/p>\r\n<p>In Spanien ist es derzeit (zum Zeitpunkt dieser Ver\u00f6ffentlichung) der Pr\u00fcfer\/Professor selbst, der die Bedingungen und Sanktionen festlegt, die f\u00fcr diejenigen gelten, die sich nicht daran halten.<\/p>\r\n<p>Es gibt sogar Pr\u00fcfungen, in denen es erlaubt ist, alle Arten von Hilfsmitteln zu verwenden, auf die wir w\u00e4hrend der Ausf\u00fchrung der beruflichen Funktionen zugreifen k\u00f6nnen&#8230;<\/p>\r\n<p><strong>UPDATE: Verwendung von Spionage- Ohrh\u00f6rern zum Schummeln bei Pr\u00fcfungen:<\/strong> \u00dcberraschenderweise sieht das neue Gesetz, die die Aktivit\u00e4t von Universit\u00e4tsstudenten im Jahr 2021 regelt, nur die von der Fakult\u00e4t verh\u00e4ngten Sanktionen vor und l\u00e4sst dieses Verhalten aus dem legal-illegalen Umfeld au\u00dfen vor.<\/p>\r\n<h2>Wer kann \u201eunsichtbare\u201c Ohrh\u00f6rer kaufen?<\/h2>\r\n<p>Rechtlich unterscheidet sich ein &#8220;unsichtbarer Ohrh\u00f6rer &#8221; nicht von einem normalen Headset oder einem Telefon, so dass jeder versteckte Ohrh\u00f6rer kaufen kann.<\/p>\r\n<p>Der Kauf jeder Art von Ohrh\u00f6rer ist legal und kann von jedem durchgef\u00fchrt werden.<\/p>\r\n<h2>Was sind professionell versteckte Ohrh\u00f6rer?<\/h2>\r\n<p>Ausgehend von der Tatsache, dass alle (gute, mittel und schlechte) mehr oder weniger unsichtbare Kommunikationsger\u00e4te sind, zeichnen sich die professionellen, unsichtbaren Ohrh\u00f6rer dadurch aus:<\/p>\r\n<ul>\r\n<li style=\"list-style-type: none;\">\r\n<ul>\r\n<li><strong>Anbringung an der Innenseite des<\/strong> <strong>Ohres<\/strong>: Billige Ohrh\u00f6rer haben konische Formen, das hei\u00dft, dass wenn Sie einen konischen Gegenstand mit nassen Finger zusammendr\u00fccken, sie sehen werden, dass dieser sich bewegt.\u00a0Dieser Effekt l\u00e4sst billige Kopfh\u00f6rer aus dem Ohr ragen.<\/li>\r\n<\/ul>\r\n<\/li>\r\n<\/ul>\r\n<ul>\r\n<li style=\"list-style-type: none;\">\r\n<ul>\r\n<li><strong>Externe Ger\u00e4uschentfernung:<\/strong> Billige versteckte Ohrh\u00f6rer bestehen aus Kunststoff oder Metall (Magneten), wobei diese Materialien vibrieren und Ger\u00e4usche nach au\u00dfen \u00fcbertragen.\u00a0Menschen in unmittelbarer N\u00e4he h\u00f6ren diese Ger\u00e4usche.\u00a0Bei professionellen, versteckten Ohrh\u00f6rer kommen spezielle Polymere zum Einsatz, deren Aufgabe es ist, diese Ger\u00e4usche zu vermeiden.<\/li>\r\n<\/ul>\r\n<\/li>\r\n<\/ul>\r\n<ul>\r\n<li style=\"list-style-type: none;\">\r\n<ul>\r\n<li><strong>Interferenz bei nahe gelegenen elektronischen Ger\u00e4ten:<\/strong> Billige, versteckte Ohrh\u00f6rer arbeiten mit sehr hohen Induktionsgraden, wobei diese hohen Werte St\u00f6rungen in der N\u00e4he von elektronischen Ger\u00e4ten bewirken. Professionelle, versteckte Ohrh\u00f6rer arbeiten hingegen mit bis zu 100-mal niedrigeren Induktionspegeln, um zu verhindern, dass diese erkannt werden.<\/li>\r\n<\/ul>\r\n<\/li>\r\n<\/ul>\r\n<ul>\r\n<li style=\"list-style-type: none;\">\r\n<ul>\r\n<li><strong>Anti-Inhibitor:<\/strong> Unsere professionellen Ohrh\u00f6rer sind Anti-Inhibitoren.<\/li>\r\n<\/ul>\r\n<\/li>\r\n<\/ul>\r\n<ul>\r\n<li style=\"list-style-type: none;\">\r\n<ul>\r\n<li><strong>Anti-Detektoren:<\/strong> <span style=\"text-decoration: underline;\">Das Signal unseres professionellen versteckten Ohrh\u00f6rer arbeitet mit Induktionspegeln, die so niedrig sind, dass kein Signal erkannt werden kann.<\/span><\/li>\r\n<\/ul>\r\n<\/li>\r\n<\/ul>\r\n<p>FAKE-KOMMENTARE!:<\/p>\r\n<p>Die meisten Bewertungen, die Sie auf Websiten finden, die unsichtbare Ohrh\u00f6rer verkaufen, sind gef\u00e4lscht.<\/p>\r\n<p>Es ist besonders einfach f\u00fcr den Autor der Website, dies zu tun:<\/p>\r\n<p style=\"text-align: left;\"><strong><img decoding=\"async\" class=\" size-full wp-image-179 alignleft\" src=\"https:\/\/www.pinganillos.com\/wp-content\/uploads\/user.jpg\" alt=\"user\" width=\"48\" height=\"48\" \/>&gt;Marta-18:<\/strong><\/p>\r\n<p>Super schneller Versand, in 24 Stunden erhielt ich es, viel unsichtbarer als ich erwartet habe. Alle Pr\u00fcfungen verliefen gut.<\/p>\r\n<p><strong>Webmaster:<\/strong> Vielen Dank, wir sind hier, um dir zu dienen.<\/p>\r\n<p style=\"text-align: left;\"><strong><img decoding=\"async\" class=\" size-full wp-image-179 alignleft\" src=\"https:\/\/www.pinganillos.com\/wp-content\/uploads\/user.jpg\" alt=\"user\" width=\"48\" height=\"48\" \/>Jos\u00e9_32:<\/strong><\/p>\r\n<p>Vor Monaten habe ich in einem anderen Gesch\u00e4ft einen anderen versteckten Ohrh\u00f6rer gekauft, der nicht funktionierte, aber dieses Produkt ist spitze, ein verbessertes Modell, es ist sch\u00f6n.\u00a0Vielen Dank.<\/p>\r\n<p><strong>Webmaster:<\/strong> Wir versuchen uns immer zu verbessern&#8230;<\/p>\r\n<p style=\"text-align: left;\"><strong><img decoding=\"async\" class=\" size-full wp-image-179 alignleft\" src=\"https:\/\/www.pinganillos.com\/wp-content\/uploads\/user.jpg\" alt=\"user\" width=\"48\" height=\"48\" \/>Mario_21:<\/strong><\/p>\r\n<p>Der kleinste Ohrh\u00f6rer der Welt, der alle Pr\u00fcfungen besteht.<\/p>\r\n<p>Ich rief sie mit einigen Zweifeln an und sie l\u00f6sten diese direkt.<\/p>\r\n<p>[RICH_REVIEWS_SHOW num=&#8221;1&#8243;]<\/p>\r\n<p><strong>Diese Praxis ist ein Betrug und ist verboten<\/strong>, aber wird sogar bei Amazon, Aliexpress usw. verwendet. Der Verk\u00e4ufer kauft Bewertungen von Unternehmen, die auf diesen Betrug spezialisiert sind.<\/p>\r\n<p><strong>Niemand, der einen versteckten Ohrh\u00f6rer kauft<\/strong>, m\u00f6chte die Erfahrung teilen!!\u00a0Im Gegenteil, es ist generell \u00fcblich, maximale Anonymit\u00e4t zu suchen. Viele K\u00e4ufer nutzen das Datenschutzgesetz, um uns zu bitten, ihre Daten zu l\u00f6schen, sobald das Produkt erhalten wurde.<\/p>\r\n<p><strong>Als Inhaber von gewerblichen Schutzrechten verbieten wir gesetzlich autorisierten Ohrh\u00f6rer-Filialen, Kommentare zu ver\u00f6ffentlichen, da diese niemals neutral w\u00e4ren.<\/strong><\/p>\r\n<p>Der Weg, um sicherzustellen, dass Sie ein Qualit\u00e4tsprodukt kaufen, besteht darin, mit dem Industrieministerium die gewerblichen Rechte sowie deren G\u00fcltigkeit und Unternehmensgr\u00fcndung zu \u00fcberpr\u00fcfen, indem Sie sicherstellen, dass Sie vom tats\u00e4chlichen Eigent\u00fcmer dieser Rechte kaufen.<\/p>\r\n<p>Bevor Sie ein <strong>Spionage-Ohrh\u00f6rer verwenden ich kameras um bei Pr\u00fcfungen<\/strong> zu schummeln, \u00fcberpr\u00fcfen Sie die Gesetze Ihres Landes. Die Vorschriften hierzu sind je nach Land unterschiedlich, in einigen ist es ausdr\u00fccklich verboten, in vielen ist es v\u00f6llig legal, audiovisuelle Hilfsmittel zu verwenden und in anderen ist es vergleichbar mit jeder anderen Hilfe (Spickzettel, Notizzettel,\u00a0 usw.).<\/p>\r\n<p>[\/vc_column_text][\/vc_column][\/vc_row]<\/p><\/div>","protected":false},"excerpt":{"rendered":"<p>[vc_row][vc_column][vc_column_text]<\/p>\n","protected":false},"author":1,"featured_media":0,"parent":0,"menu_order":0,"comment_status":"closed","ping_status":"open","template":"","meta":{"_acf_changed":false,"_joinchat":[],"footnotes":""},"class_list":["post-823","page","type-page","status-publish","hentry"],"acf":[],"aioseo_notices":[],"_links":{"self":[{"href":"https:\/\/www.spyearpiece.com\/de\/wp-json\/wp\/v2\/pages\/823","targetHints":{"allow":["GET"]}}],"collection":[{"href":"https:\/\/www.spyearpiece.com\/de\/wp-json\/wp\/v2\/pages"}],"about":[{"href":"https:\/\/www.spyearpiece.com\/de\/wp-json\/wp\/v2\/types\/page"}],"author":[{"embeddable":true,"href":"https:\/\/www.spyearpiece.com\/de\/wp-json\/wp\/v2\/users\/1"}],"replies":[{"embeddable":true,"href":"https:\/\/www.spyearpiece.com\/de\/wp-json\/wp\/v2\/comments?post=823"}],"version-history":[{"count":81,"href":"https:\/\/www.spyearpiece.com\/de\/wp-json\/wp\/v2\/pages\/823\/revisions"}],"predecessor-version":[{"id":1944,"href":"https:\/\/www.spyearpiece.com\/de\/wp-json\/wp\/v2\/pages\/823\/revisions\/1944"}],"wp:attachment":[{"href":"https:\/\/www.spyearpiece.com\/de\/wp-json\/wp\/v2\/media?parent=823"}],"curies":[{"name":"wp","href":"https:\/\/api.w.org\/{rel}","templated":true}]}}