{"id":958,"date":"2021-11-15T12:59:08","date_gmt":"2021-11-15T12:59:08","guid":{"rendered":"https:\/\/www.spyearpiece.com\/versteckter-ohrhoerer-mit-unsichtbarer-4g-kamera-zum-schummeln-bei-pruefungen\/"},"modified":"2021-11-20T13:25:41","modified_gmt":"2021-11-20T13:25:41","slug":"versteckter-ohrhoerer-mit-unsichtbarer-4g-kamera-zum-schummeln-bei-pruefungen","status":"publish","type":"page","link":"https:\/\/www.spyearpiece.com\/de\/versteckter-ohrhoerer-mit-unsichtbarer-4g-kamera-zum-schummeln-bei-pruefungen\/","title":{"rendered":"Versteckter um unsichtbarer 4G-Kamera zum Schummeln bei Pr\u00fcfungen"},"content":{"rendered":"<div class=\"wpb-content-wrapper\"><p>[vc_row][vc_column][vc_video link=&#8221;https:\/\/vimeo.com\/614510342&#8243; title=&#8221;Eben die beste Kamera getarnt, um Dokumente und Pr\u00fcfungen&#8221;][\/vc_column][\/vc_row][vc_row][vc_column][vc_btn title=&#8221;Zum Kamera f\u00fcr Pr\u00fcfung Betrug&#8221; color=&#8221;primary&#8221; link=&#8221;url:https%3A%2F%2Fwww.spyearpiece.com%2Fde%2Fversteckte-kamera-fuer-pruefungsbetrug%2F|title:Zum%20Kamera%20f%C3%BCr%20Pr%C3%BCfung%20Betrug&#8221;][\/vc_column][\/vc_row][vc_row][vc_column][vc_column_text]Mit der neuesten Version der Lar<sup>\u00ae<\/sup> <a title=\"Versteckte Kamera f\u00fcr Pr\u00fcfungsbetrug\" href=\"https:\/\/www.spyearpiece.com\/de\/versteckte-kamera-fuer-pruefungsbetrug\/\"><strong>Kamera f\u00fcr Pr\u00fcfungsbetrug <\/strong><\/a>kann man in High Definition bis zu 40 Dokumente in 60 Sekunden \u00fcbertragen<\/p>\n<p>Im Moment sieht man wie es funktioniert im einfachen Modus, ohne Konfiguration<\/p>\n<p>Sehen Sie den Bildschirm des Ger\u00e4ts des Komplizen an: Die Dokumentenaufnahmen kommen schnell und ohne Probleme an&#8230; nochmals&#8230; Dies ist der einfache Modus, ohne die geringste Konfiguration.<\/p>\n<p>Alles ist automatisch<\/p>\n<p>In diesem einfachen Modus erm\u00f6glicht die neue Lar-Kamera auch das direkte Streaming von Videos in Echtzeit, das neueste und idealste System zum Senden von Videos bei unbegrenzter Entfernung.<\/p>\n<p>Und das Wichtigste&#8230; es ist nicht nachweisbar, ohne verd\u00e4chtige Kn\u00f6pfe oder Objekte<\/p>\n<p>Wir haben die neue Lar-Kamera so konzipiert, dass die Installation so einfach wie m\u00f6glich ist und damit sie fast \u00fcberall getarnt werden kann, was die Erkennung sehr schwierig macht und eine normale Verwendung erm\u00f6glicht.<\/p>\n<p>Das neue native 4G-\u00dcbertragungssystem erm\u00f6glicht es, auf Wlan und Bluetooth zu verzichten, da es sich um drahtlose Verbindungssysteme handelt, die mit einem einfachen Telefon besonders leicht zu erkennen sind.<\/p>\n<p>Wenn Sie ein System mit SosEspias kaufen, kaufen Sie viel mehr als ein Produkt. Man erh\u00e4lt ebenfalls Tipps, Empfehlungen und einen kompletten Kundenservice[\/vc_column_text][\/vc_column][\/vc_row][vc_row][vc_column][vc_btn title=&#8221;Zum Kamera f\u00fcr Pr\u00fcfung Betrug&#8221; color=&#8221;primary&#8221; link=&#8221;url:https%3A%2F%2Fwww.spyearpiece.com%2Fde%2Fversteckte-kamera-fuer-pruefungsbetrug%2F|title:Zum%20Kamera%20f%C3%BCr%20Pr%C3%BCfung%20Betrug&#8221;][\/vc_column][\/vc_row][vc_row][vc_column width=&#8221;1\/2&#8243;][vc_column_text]<img decoding=\"async\" class=\"aligncenter wp-image-879 size-full\" title=\"Kamera f\u00fcr Pr\u00fcfungsbetrug\" src=\"https:\/\/www.spyearpiece.com\/wp-content\/uploads\/Kamera-fur-Prufungsbetrug.jpg\" alt=\"Kamera f\u00fcr Pr\u00fcfungsbetrug\" width=\"1200\" height=\"741\" srcset=\"https:\/\/www.spyearpiece.com\/wp-content\/uploads\/Kamera-fur-Prufungsbetrug.jpg 1200w, https:\/\/www.spyearpiece.com\/wp-content\/uploads\/Kamera-fur-Prufungsbetrug-300x185.jpg 300w, https:\/\/www.spyearpiece.com\/wp-content\/uploads\/Kamera-fur-Prufungsbetrug-1024x632.jpg 1024w, https:\/\/www.spyearpiece.com\/wp-content\/uploads\/Kamera-fur-Prufungsbetrug-768x474.jpg 768w, https:\/\/www.spyearpiece.com\/wp-content\/uploads\/Kamera-fur-Prufungsbetrug-1000x618.jpg 1000w, https:\/\/www.spyearpiece.com\/wp-content\/uploads\/Kamera-fur-Prufungsbetrug-450x278.jpg 450w\" sizes=\"(max-width: 1200px) 100vw, 1200px\" \/>[\/vc_column_text][\/vc_column][vc_column width=&#8221;1\/2&#8243;][vc_column_text]<img decoding=\"async\" class=\"aligncenter wp-image-881 size-full\" title=\"Versteckte H\u00f6rmuschelkamera Pr\u00fcfung 4G Wifi\" src=\"https:\/\/www.spyearpiece.com\/wp-content\/uploads\/versteckte-Hormuschelkamera-Prufung-4G-Wifi.jpg\" alt=\"Versteckte H\u00f6rmuschelkamera Pr\u00fcfung 4G Wifi\" width=\"1200\" height=\"741\" srcset=\"https:\/\/www.spyearpiece.com\/wp-content\/uploads\/versteckte-Hormuschelkamera-Prufung-4G-Wifi.jpg 1200w, https:\/\/www.spyearpiece.com\/wp-content\/uploads\/versteckte-Hormuschelkamera-Prufung-4G-Wifi-300x185.jpg 300w, https:\/\/www.spyearpiece.com\/wp-content\/uploads\/versteckte-Hormuschelkamera-Prufung-4G-Wifi-1024x632.jpg 1024w, https:\/\/www.spyearpiece.com\/wp-content\/uploads\/versteckte-Hormuschelkamera-Prufung-4G-Wifi-768x474.jpg 768w, https:\/\/www.spyearpiece.com\/wp-content\/uploads\/versteckte-Hormuschelkamera-Prufung-4G-Wifi-1000x618.jpg 1000w, https:\/\/www.spyearpiece.com\/wp-content\/uploads\/versteckte-Hormuschelkamera-Prufung-4G-Wifi-450x278.jpg 450w\" sizes=\"(max-width: 1200px) 100vw, 1200px\" \/>[\/vc_column_text][\/vc_column][\/vc_row][vc_row][vc_column][vc_column_text]<img decoding=\"async\" class=\"aligncenter wp-image-867 size-full\" title=\"Versteckter um unsichtbarer 4G-Kamera zum Schummeln bei Pr\u00fcfungen\" src=\"https:\/\/www.spyearpiece.com\/wp-content\/uploads\/Nicht-nachweisbare-Kamera-wegen-Prufungsbetrug.jpg\" alt=\"Versteckter um unsichtbarer 4G-Kamera zum Schummeln bei Pr\u00fcfungen\" width=\"1920\" height=\"1080\" srcset=\"https:\/\/www.spyearpiece.com\/wp-content\/uploads\/Nicht-nachweisbare-Kamera-wegen-Prufungsbetrug.jpg 1920w, https:\/\/www.spyearpiece.com\/wp-content\/uploads\/Nicht-nachweisbare-Kamera-wegen-Prufungsbetrug-300x169.jpg 300w, https:\/\/www.spyearpiece.com\/wp-content\/uploads\/Nicht-nachweisbare-Kamera-wegen-Prufungsbetrug-1024x576.jpg 1024w, https:\/\/www.spyearpiece.com\/wp-content\/uploads\/Nicht-nachweisbare-Kamera-wegen-Prufungsbetrug-768x432.jpg 768w, https:\/\/www.spyearpiece.com\/wp-content\/uploads\/Nicht-nachweisbare-Kamera-wegen-Prufungsbetrug-1536x864.jpg 1536w, https:\/\/www.spyearpiece.com\/wp-content\/uploads\/Nicht-nachweisbare-Kamera-wegen-Prufungsbetrug-1280x720.jpg 1280w, https:\/\/www.spyearpiece.com\/wp-content\/uploads\/Nicht-nachweisbare-Kamera-wegen-Prufungsbetrug-1000x563.jpg 1000w, https:\/\/www.spyearpiece.com\/wp-content\/uploads\/Nicht-nachweisbare-Kamera-wegen-Prufungsbetrug-450x253.jpg 450w\" sizes=\"(max-width: 1920px) 100vw, 1920px\" \/>[\/vc_column_text][\/vc_column][\/vc_row]<\/p>\n<\/div>","protected":false},"excerpt":{"rendered":"<p>[vc_row][vc_column][vc_video link=&#8221;https:\/\/vimeo.com\/614510342&#8243; title=&#8221;Eben die beste Kamera getarnt, um Dokumente und Pr\u00fcfungen&#8221;][\/vc_column][\/vc_row][vc_row][vc_column][vc_btn title=&#8221;Zum Kamera f\u00fcr Pr\u00fcfung Betrug&#8221; color=&#8221;primary&#8221; link=&#8221;url:https%3A%2F%2Fwww.spyearpiece.com%2Fde%2Fversteckte-kamera-fuer-pruefungsbetrug%2F|title:Zum%20Kamera%20f%C3%BCr%20Pr%C3%BCfung%20Betrug&#8221;][\/vc_column][\/vc_row][vc_row][vc_column][vc_column_text]Mit der neuesten Version der Lar\u00ae Kamera f\u00fcr Pr\u00fcfungsbetrug kann man in High Definition bis zu 40 Dokumente in 60 Sekunden \u00fcbertragen Im Moment sieht man wie es funktioniert im einfachen Modus, ohne Konfiguration Sehen Sie den Bildschirm [&hellip;]<\/p>\n","protected":false},"author":1,"featured_media":0,"parent":0,"menu_order":0,"comment_status":"closed","ping_status":"closed","template":"","meta":{"_acf_changed":false,"_joinchat":[],"footnotes":""},"class_list":["post-958","page","type-page","status-publish","hentry"],"acf":[],"aioseo_notices":[],"_links":{"self":[{"href":"https:\/\/www.spyearpiece.com\/de\/wp-json\/wp\/v2\/pages\/958","targetHints":{"allow":["GET"]}}],"collection":[{"href":"https:\/\/www.spyearpiece.com\/de\/wp-json\/wp\/v2\/pages"}],"about":[{"href":"https:\/\/www.spyearpiece.com\/de\/wp-json\/wp\/v2\/types\/page"}],"author":[{"embeddable":true,"href":"https:\/\/www.spyearpiece.com\/de\/wp-json\/wp\/v2\/users\/1"}],"replies":[{"embeddable":true,"href":"https:\/\/www.spyearpiece.com\/de\/wp-json\/wp\/v2\/comments?post=958"}],"version-history":[{"count":13,"href":"https:\/\/www.spyearpiece.com\/de\/wp-json\/wp\/v2\/pages\/958\/revisions"}],"predecessor-version":[{"id":971,"href":"https:\/\/www.spyearpiece.com\/de\/wp-json\/wp\/v2\/pages\/958\/revisions\/971"}],"wp:attachment":[{"href":"https:\/\/www.spyearpiece.com\/de\/wp-json\/wp\/v2\/media?parent=958"}],"curies":[{"name":"wp","href":"https:\/\/api.w.org\/{rel}","templated":true}]}}