{"id":1020,"date":"2021-01-01T17:28:57","date_gmt":"2021-01-01T17:28:57","guid":{"rendered":"https:\/\/www.spyearpiece.com\/product\/lar-kamera-fuer-pruefungen\/"},"modified":"2023-09-06T09:41:15","modified_gmt":"2023-09-06T09:41:15","slug":"lar-kamera-fur-prufungen","status":"publish","type":"product","link":"https:\/\/www.spyearpiece.com\/de\/produkt\/lar-kamera-fur-prufungen\/","title":{"rendered":"Lar\u00ae Kamera f\u00fcr Pr\u00fcfungen"},"content":{"rendered":"<div class=\"wpb-content-wrapper\"><p>[vc_row][vc_column][vc_column_text]<\/p>\n<h2 style=\"text-align: center;\">Unsichtbare Kamera f\u00fcr Spy Ohrh\u00f6rer<\/h2>\n<p>[\/vc_column_text][\/vc_column][\/vc_row][vc_row][vc_column][vc_column_text]<\/p>\n<h2 style=\"text-align: center;\">&#8220;<strong>Versteckte<\/strong> <strong>Ohrh\u00f6rerkamera&#8221;, Kamera und Ohrh\u00f6rer f\u00fcr Pr\u00fcfungen<\/strong><\/h2>\n<p><span style=\"font-size: 14pt;\">Diese gro\u00dfartige Spionagekamera mit Ohrh\u00f6rer f\u00fcr Pr\u00fcfungen sieht nicht wie jede <strong>Wlan-<\/strong> <strong>knopfkamera<\/strong> aus und bietet eine L\u00f6sung f\u00fcr das klassische Problem, das viele Kameras haben, wobei erm\u00f6glicht wird dass das Dokument fokussiert wird und \u00fcbertragen werden kann, ohne verd\u00e4chtige Bewegungen in unbegrenzter Entfernung zu generieren, als auch verd\u00e4chtige knopf und Wlan-Signale zu eliminieren (welche am einfachsten\u00a0 zu erkennen sind).<\/span><\/p>\n<h2><strong>Kamera zum Schummeln bei Pr\u00fcfungen&#8230;<\/strong><\/h2>\n<p><span style=\"font-size: 14pt;\">Durch die Verwendung der 3G-Gprs-Gsm-Frequenz k\u00f6nnen unsere Ger\u00e4te in Bezug auf die Abdeckung in 90% der Welt betrieben werden.<\/span><\/p>\n<p><span style=\"font-size: 14pt;\"><a title=\"Lar\u00ae Pro Kamera zum Schummeln bei Pr\u00fcfungen\" href=\"https:\/\/www.spyearpiece.com\/de\/produkt\/lar-pro-kamera-zum-schummeln-bei-prufungen\/\">(<strong>Wir<\/strong> <strong>verf<\/strong><strong>\u00fc<\/strong><strong>gen <\/strong><strong>\u00fcber <\/strong><strong>eine weitere 4G-Kamera f\u00fcr Pr\u00fcfungen)<\/strong><\/a><\/span><\/p>\n<p><span style=\"font-size: 14pt;\">Unser Komplize erh\u00e4lt von der anderen Seite des Landes direkt \u00fcbermittelte Abs\u00e4tze oder Aufnahmen von Dokumenten in voller Gr\u00f6\u00dfe, ohne dass jemand etwas bemerkt.<\/span><\/p>\n<h3>F\u00fcr die \u00dcbertragung von Dokumenten kann die Kamera mit Spionohrh\u00f6rern Lar auf zwei Arten funktionieren:<\/h3>\n<p><span style=\"font-size: 14pt;\"><strong>Pr\u00fcfungskamera mit Ohrh\u00f6rern , die Videos in Echtzeit streamt<\/strong> (erster Teil unserer Videodemo)<\/span><\/p>\n<p><span style=\"font-size: 14pt;\"><strong>Headset-Pr\u00fcfungskamera, die Bilder der Pr\u00fcfung in Echtzeit<\/strong> <strong>\u00fcbertr\u00e4gt<\/strong> (48 Sekunden)<\/span><strong>\u00a0<\/strong><\/p>\n<h2><strong>Schummeln bei Pr\u00fcfungen mit Kamera und Ohrh\u00f6rer<\/strong><\/h2>\n<p>[\/vc_column_text][\/vc_column][\/vc_row][vc_row][vc_column][vc_video link=&#8221;https:\/\/vimeo.com\/33446897&#8243;][\/vc_column][\/vc_row][vc_row][vc_column][vc_column_text]<\/p>\n<p>EXPLANATION OF VIDEO<\/p>\n<p><span style=\"font-size: 14pt;\">SpyEarpiece.com verf\u00fcgt \u00fcber die Lar-Kamera, um Texte und Dokumente unsichtbar \u00fcber eine unbegrenzte Entfernung zu \u00fcbertragen.<\/span><\/p>\n<p><span style=\"font-size: 14pt;\">In diesem ersten Teil zeigt <a title=\"Spy Earpiece\" href=\"https:\/\/www.spyearpiece.com\/\">SpyEarpiece<\/a>.com, wie man Abs\u00e4tze mit dieser unsichtbaren Kamera direkt auf einen Computer oder ein Mobiltelefon streamt.<\/span><\/p>\n<p style=\"text-align: justify;\"><span style=\"font-size: 14pt;\">Die Distanz, die zur\u00fcckgelegt werden kann, ist unbegrenzt. Zum Beispiel k\u00f6nnte der Sender in M\u00fcnchen und der Empf\u00e4nger in Paris sein, die einzige <\/span><\/p>\n<p><span style=\"font-size: 14pt;\">Dieses fantastische System, das von SpyEarpiece.com entwickelt wurde, ist so konzipiert, dass es in Verbindung mit einem Stift funktioniert, so dass man einen Text bequemer erfassen kann, indem man diesen einfach durch Unterstreichen erfasst und ihn ohne Risiko nach au\u00dfen \u00fcbertr\u00e4gt.<\/span><\/p>\n<p>Wenn jemand etwas vermuten sollte, verschwindet die Kamera, (es ist keine Knopfkamera). Der Stift kann zerlegt, sogar gezeigt oder verschenkt werden, es gibt nichts Vergleichbares!<\/p>\n<p>Als n\u00e4chstes testen wir, wie man einen Text auf dem Bildschirm des Mobiltelefons in unbegrenzter Entfernung empfangen kann.<\/p>\n<p>Die gleiche Kamera kann Videos streamen und auch ganze Seiten senden, wie man unten sehen kann.<\/p>\n<p>Eine weitere M\u00f6glichkeit, die die Lar Kamera f\u00fcr Pr\u00fcfungen anbietet, ist die \u00dcbertragung ganzer Seiten. In diesem Fall sehen wir auf SpyEarpiece.com, wie wir die Informationen auf jedem Smartphone erhalten.<\/p>\n<p>Wenn das Telefon keinen geeigneten Bildschirm hat, k\u00f6nnen die gesamten Seiten an den Computer gesendet werden, wo sie bequemer angezeigt werden k\u00f6nnen.<\/p>\n<p style=\"text-align: justify;\">However, as can be seen in the video a large screen mobile phone will suffice, since the zoom function can move around the document and enabling it to be read with total clarity.<\/p>\n<p>Wie man jedoch im Video sehen kann, reicht ein Smartphone-Handy aus, da man sich mit der Zoom-Funktion durch das Dokument bewegen und es mit absoluter Klarheit lesen kann.<\/p>\n<p>Im Allgemeinen wird diese Art von Kamera in Verbindung mit einem &#8220;<strong>versteckten Ohrh\u00f6rer<\/strong>&#8221; verwendet, mit dem unser Komplize nach Erhalt der Texte des Dokuments die erforderlichen Daten oder Informationen bereitstellen kann, ohne dass jemand davon etwas mitbekommt oder informiert wird.<\/p>\n<p>Achtung: <strong>Tricks bei einem Test, Schummeln bei Pr\u00fcfungen<\/strong> <strong>oder Betrug <\/strong>mit dieser Kamera f\u00fcr Ohrh\u00f6rer kann je nach Land verboten sein&#8230;<\/p>\n<p>Tags: &#8220;Kamera Wlan-nopf mit verstecktem Ohrh\u00f6rer&#8221;, &#8220;Kamera- <em>K<\/em>nopf f\u00fcr Pr\u00fcfungen\u201c &#8220;Kamera f\u00fcr Schummeln bei Pr\u00fcfungen&#8221;, &#8220;Kamera mit verstecktem Ohrh\u00f6rer&#8221;, &#8220;Kamera zum Schummeln bei Pr\u00fcfungen&#8221;<\/p>\n<p>[\/vc_column_text][\/vc_column][\/vc_row]<\/p>\n<\/div>","protected":false},"excerpt":{"rendered":"<p>[vc_row][vc_column][vc_column_text] Unsichtbare Kamera f\u00fcr Spy Ohrh\u00f6rer [\/vc_column_text][\/vc_column][\/vc_row][vc_row][vc_column][vc_column_text] &#8220;Versteckte Ohrh\u00f6rerkamera&#8221;, Kamera und Ohrh\u00f6rer f\u00fcr Pr\u00fcfungen Diese gro\u00dfartige Spionagekamera mit Ohrh\u00f6rer f\u00fcr Pr\u00fcfungen sieht nicht wie jede Wlan- knopfkamera aus und bietet eine L\u00f6sung f\u00fcr das klassische Problem, das viele Kameras haben, wobei erm\u00f6glicht wird dass das Dokument fokussiert wird und \u00fcbertragen werden kann, ohne verd\u00e4chtige Bewegungen [&hellip;]<\/p>\n","protected":false},"featured_media":785,"comment_status":"closed","ping_status":"closed","template":"","meta":{"_acf_changed":false,"_joinchat":[]},"product_brand":[],"product_cat":[33,37],"product_tag":[],"class_list":{"0":"post-1020","1":"product","2":"type-product","3":"status-publish","4":"has-post-thumbnail","6":"product_cat-kopfhoerern-fuer-pruefungen","7":"product_cat-versteckte-kamera-fur-prufungsbetrug","9":"first","10":"instock","11":"featured","12":"shipping-taxable","13":"purchasable","14":"product-type-simple"},"acf":[],"aioseo_notices":[],"_links":{"self":[{"href":"https:\/\/www.spyearpiece.com\/de\/wp-json\/wp\/v2\/product\/1020","targetHints":{"allow":["GET"]}}],"collection":[{"href":"https:\/\/www.spyearpiece.com\/de\/wp-json\/wp\/v2\/product"}],"about":[{"href":"https:\/\/www.spyearpiece.com\/de\/wp-json\/wp\/v2\/types\/product"}],"replies":[{"embeddable":true,"href":"https:\/\/www.spyearpiece.com\/de\/wp-json\/wp\/v2\/comments?post=1020"}],"wp:featuredmedia":[{"embeddable":true,"href":"https:\/\/www.spyearpiece.com\/de\/wp-json\/wp\/v2\/media\/785"}],"wp:attachment":[{"href":"https:\/\/www.spyearpiece.com\/de\/wp-json\/wp\/v2\/media?parent=1020"}],"wp:term":[{"taxonomy":"product_brand","embeddable":true,"href":"https:\/\/www.spyearpiece.com\/de\/wp-json\/wp\/v2\/product_brand?post=1020"},{"taxonomy":"product_cat","embeddable":true,"href":"https:\/\/www.spyearpiece.com\/de\/wp-json\/wp\/v2\/product_cat?post=1020"},{"taxonomy":"product_tag","embeddable":true,"href":"https:\/\/www.spyearpiece.com\/de\/wp-json\/wp\/v2\/product_tag?post=1020"}],"curies":[{"name":"wp","href":"https:\/\/api.w.org\/{rel}","templated":true}]}}