{"id":877,"date":"2021-09-21T20:45:50","date_gmt":"2021-09-21T20:45:50","guid":{"rendered":"https:\/\/www.spyearpiece.com\/product\/lar-pro-kamera-zum-schummeln-bei-prufungen\/"},"modified":"2023-04-30T22:40:09","modified_gmt":"2023-04-30T22:40:09","slug":"lar-pro-kamera-zum-schummeln-bei-prufungen","status":"publish","type":"product","link":"https:\/\/www.spyearpiece.com\/de\/produkt\/lar-pro-kamera-zum-schummeln-bei-prufungen\/","title":{"rendered":"Lar\u00ae Pro Kamera zum Schummeln bei Pr\u00fcfungen"},"content":{"rendered":"<div class=\"wpb-content-wrapper\"><p>[vc_row][vc_column offset=&#8221;vc_hidden-lg&#8221;][vc_video link=&#8221;https:\/\/vimeo.com\/650846732&#8243;][\/vc_column][\/vc_row][vc_row][vc_column offset=&#8221;vc_hidden-md vc_hidden-sm vc_hidden-xs&#8221;][vc_video link=&#8221;https:\/\/vimeo.com\/650846732&#8243; el_width=&#8221;80&#8243; align=&#8221;center&#8221;][\/vc_column][\/vc_row][vc_row][vc_column][vc_column_text]<span style=\"font-size: 18pt;\">Das Video zeigt, wie sie tats\u00e4chlich verwendet wird, aufgenommen ohne Schnitte oder Spezialeffekte<\/span>[\/vc_column_text][\/vc_column][\/vc_row][vc_row][vc_column width=&#8221;1\/2&#8243;][vc_single_image image=&#8221;808&#8243; img_size=&#8221;full&#8221; alignment=&#8221;right&#8221; css_animation=&#8221;bounceInLeft&#8221;][\/vc_column][vc_column width=&#8221;1\/2&#8243;][vc_single_image image=&#8221;809&#8243; img_size=&#8221;full&#8221; alignment=&#8221;right&#8221; css_animation=&#8221;bounceInRight&#8221;][\/vc_column][\/vc_row][vc_row][vc_column][vc_column_text]<span style=\"font-size: 18pt;\">Die neue Lar Pro 4G-Kamera ist die leistungsst\u00e4rkste &#8220;versteckte Kamera zum Schummeln bei Pr\u00fcfungen&#8221; auf dem Markt:<\/span><\/p>\n<ul>\n<li><span style=\"font-size: 18pt;\">Sie erm\u00f6glicht Fernempf\u00e4nge von Dokumentenerfassungen in weniger als 2 Sekunden und in unbegrenzter Entfernung.<\/span><\/li>\n<li><span style=\"font-size: 18pt;\">Sie erm\u00f6glicht das Senden von bis zu 40 Dokumente in 60 Sekunden.<\/span><\/li>\n<li><span style=\"font-size: 18pt;\">Direktes Streaming \u00fcber Youtube in unbegrenzter Entfernung.<\/span><\/li>\n<li><span style=\"font-size: 18pt;\">Kein Wlan erforderlich.<\/span><\/li>\n<li><span style=\"font-size: 18pt;\">Die Form und Gr\u00f6\u00dfe machen das Produkt sehr einfach zu verstecken<\/span><\/li>\n<li><span style=\"font-size: 18pt;\">Das Wichtigste an dieser <a title=\"Kamera f\u00fcr Pr\u00fcfung Betrug\" href=\"https:\/\/www.spyearpiece.com\/de\/versteckte-kamera-fuer-pruefungsbetrug\/\"><span style=\"font-weight: 400;\">Kamera f\u00fcr Pr\u00fcfung Betrug<\/span><\/a> ist jedoch, dass sie von Anfang an funktioniert, sie erfordert keine Einrichtung.<\/span><\/li>\n<\/ul>\n<p>[\/vc_column_text][\/vc_column][\/vc_row][vc_row full_width=&#8221;stretch_row_content&#8221; css=&#8221;.vc_custom_1632329826553{background-color: #000000 !important;}&#8221;][vc_column width=&#8221;1\/2&#8243;][vc_empty_space height=&#8221;20px&#8221;][vc_column_text]<\/p>\n<p style=\"text-align: center;\"><span style=\"font-size: 36pt;\">Keine Kn\u00f6pfe.<\/span><\/p>\n<p style=\"text-align: center;\"><span style=\"font-size: 24pt;\">Sie werden nicht erwischt, wenn keine verd\u00e4chtigen Accessoires getragen werden.<\/span><\/p>\n<p>[\/vc_column_text][\/vc_column][vc_column width=&#8221;1\/2&#8243;][vc_single_image image=&#8221;760&#8243; img_size=&#8221;full&#8221; alignment=&#8221;right&#8221; css_animation=&#8221;bounceInRight&#8221;][\/vc_column][\/vc_row][vc_row full_width=&#8221;stretch_row_content&#8221; css=&#8221;.vc_custom_1632329838618{background-color: #000000 !important;}&#8221;][vc_column][vc_column_text]<\/p>\n<p style=\"text-align: center;\"><span style=\"font-size: 24pt;\">Der Lar Pro Kamara enth\u00e4lt keine verd\u00e4chtigen Kn\u00f6pfe<\/span><\/p>\n<p>[\/vc_column_text][\/vc_column][\/vc_row][vc_row full_width=&#8221;stretch_row_content&#8221; css=&#8221;.vc_custom_1632329846534{background-color: #b4b0ac !important;}&#8221;][vc_column width=&#8221;1\/2&#8243;][vc_empty_space height=&#8221;52px&#8221;][vc_column_text]<\/p>\n<p style=\"text-align: center;\"><span style=\"font-size: 36pt;\">Sie verwendet kein WLAN.<br \/>\nSie wird nicht entdeckt, wenn Sie nicht verwendet wird.<br \/>\n<\/span><\/p>\n<p style=\"text-align: center;\"><span style=\"font-size: 24pt;\">Die Verwendung von WiFi bedeutet die Verwendung eines tragbaren Routers oder eines Telefons, das Wlan teilt.<\/span><\/p>\n<p>[\/vc_column_text][vc_empty_space height=&#8221;30px&#8221;][vc_column_text]<\/p>\n<p style=\"text-align: center;\"><span style=\"font-size: 24pt;\">Zu viele Verbindungen, um erkannt zu werden.<\/span><\/p>\n<p>[\/vc_column_text][\/vc_column][vc_column width=&#8221;1\/2&#8243;][vc_single_image image=&#8221;761&#8243; img_size=&#8221;full&#8221;][\/vc_column][\/vc_row][vc_row full_width=&#8221;stretch_row_content&#8221; css=&#8221;.vc_custom_1632329856290{background-color: #b4b0ac !important;}&#8221;][vc_column][vc_column_text]<\/p>\n<p>&nbsp;<\/p>\n<p style=\"text-align: center;\"><span style=\"font-size: 18pt;\">Ein WiFi Wlan-Signal hat eine Reichweite von 8 Metern, so dass in einem Raum, in dem Telefone nicht erlaubt sind, jede WiFi-Verbindung \u00a0verd\u00e4chtig ist.<\/span><\/p>\n<p>[\/vc_column_text][vc_column_text]<\/p>\n<p style=\"text-align: center;\"><span style=\"font-size: 24pt;\">Die Lar Pro-Kamera kann native 4G-Mikroverbindungen verwenden.<\/span><\/p>\n<p style=\"text-align: center;\"><span style=\"font-size: 24pt;\">Sehr schwer zu erkennen.<\/span><\/p>\n<p>[\/vc_column_text][\/vc_column][\/vc_row][vc_row full_width=&#8221;stretch_row_content&#8221; css=&#8221;.vc_custom_1632329866040{background-color: #0a0a0a !important;}&#8221;][vc_column width=&#8221;1\/2&#8243;][vc_column_text]<\/p>\n<p style=\"text-align: center;\"><span style=\"font-size: 36pt;\">Einfache Bedienung.<\/span><\/p>\n<p>[\/vc_column_text][vc_column_text]<span style=\"font-size: 24pt;\"><span style=\"font-size: 36pt;\">1<\/span> Sim einlegen.<\/span><\/p>\n<p><span style=\"font-size: 24pt;\"><span style=\"font-size: 36pt;\">2<\/span> Ein-\/Aus-Taste dr\u00fccken.<\/span><\/p>\n<p><span style=\"font-size: 24pt;\"><span style=\"font-size: 36pt;\">3 <\/span>Durch Dr\u00fccken einer Taste sendet sie automatisch Videos oder Fotos an den Assistenten<\/span>[\/vc_column_text][\/vc_column][vc_column width=&#8221;1\/2&#8243;][vc_single_image image=&#8221;762&#8243; img_size=&#8221;full&#8221; alignment=&#8221;center&#8221;][\/vc_column][\/vc_row][vc_row full_width=&#8221;stretch_row_content&#8221; css=&#8221;.vc_custom_1632329877537{background-color: #0a0000 !important;}&#8221;][vc_column][vc_column_text]<\/p>\n<p style=\"text-align: center;\"><span style=\"font-size: 24pt;\">Vergessen Sie die Konfiguration von Mailservern, Videoservern, Apns, Smtp, IPs, Codec und jeder anderen Art von Konfiguration.<\/span><\/p>\n<p style=\"text-align: center;\"><span style=\"font-size: 24pt;\">Die Lar Pro Kamera ben\u00f6tigt keine Konfiguration.<\/span><\/p>\n<p>[\/vc_column_text][\/vc_column][\/vc_row][vc_row full_width=&#8221;stretch_row_content&#8221; css=&#8221;.vc_custom_1632329888098{background-color: #004cbf !important;}&#8221;][vc_column][vc_column_text]<\/p>\n<p style=\"text-align: center;\"><span style=\"font-size: 36pt;\">Fernkontrolle des Assistenten.<\/span><\/p>\n<p>[\/vc_column_text][vc_column_text]<\/p>\n<p style=\"text-align: center;\"><span style=\"font-size: 24pt;\">Ein Assistenten kann Fotos und 4G-Video-Streaming aus unbegrenzter Entfernung anfordern.<\/span><\/p>\n<p>[\/vc_column_text][vc_empty_space][vc_column_text]<\/p>\n<p style=\"text-align: center;\"><span style=\"font-size: 36pt;\">Vor-Ort-Kontrolle.<\/span><\/p>\n<p style=\"text-align: center;\"><span style=\"font-size: 36pt;\">Unsichtbare Schaltfl\u00e4che.<\/span><\/p>\n<p>[\/vc_column_text][vc_column_text]<\/p>\n<p style=\"text-align: center;\"><span style=\"font-size: 24pt;\">Die Person, die die Kamera tr\u00e4gt, kann Fotos und Videos \u00fcber eine auf ihrem K\u00f6rper angebrachte, versteckte Taste senden.<\/span><\/p>\n<p>[\/vc_column_text][\/vc_column][\/vc_row][vc_row full_width=&#8221;stretch_row&#8221; css=&#8221;.vc_custom_1630793752117{background-color: #000000 !important;}&#8221;][vc_column][vc_column_text]<\/p>\n<p style=\"text-align: center;\"><span style=\"font-size: 36pt;\">Mehr Ressourcen, als Sie jemals ben\u00f6tigen werden.<\/span><\/p>\n<p style=\"text-align: center;\"><span style=\"font-size: 24pt;\">Kompatibel mit den leistungsf\u00e4higsten und schnellsten Systemen zum Senden von Fotos und Videos im Internet.<\/span><\/p>\n<p>[\/vc_column_text][\/vc_column][\/vc_row][vc_row full_width=&#8221;stretch_row&#8221; css=&#8221;.vc_custom_1630793752117{background-color: #000000 !important;}&#8221;][vc_column width=&#8221;1\/4&#8243;][vc_empty_space height=&#8221;25px&#8221;][vc_single_image image=&#8221;794&#8243; img_size=&#8221;full&#8221; alignment=&#8221;center&#8221;][\/vc_column][vc_column width=&#8221;1\/4&#8243;][vc_single_image image=&#8221;796&#8243; img_size=&#8221;full&#8221; alignment=&#8221;center&#8221;][\/vc_column][vc_column width=&#8221;1\/4&#8243;][vc_single_image image=&#8221;795&#8243; img_size=&#8221;full&#8221; alignment=&#8221;center&#8221;][\/vc_column][vc_column width=&#8221;1\/4&#8243;][vc_single_image image=&#8221;797&#8243; img_size=&#8221;full&#8221; alignment=&#8221;center&#8221;][\/vc_column][\/vc_row][vc_row][vc_column][vc_column_text]<\/p>\n<h2 style=\"text-align: left;\">Eigenschaften der Lar Pro Kamera mit verstecktem Ohrh\u00f6rer:<\/h2>\n<p style=\"text-align: justify;\"><span style=\"font-size: 14pt;\"><strong>Unsichtbarkeit:<\/strong> 10\/10.<\/span><\/p>\n<p><span style=\"font-size: 14pt;\"><strong>Adaptability:<\/strong> Man kann durch ein Loch mit einem Durchmesser von 1mm sehen.<br \/>\n<\/span><\/p>\n<p><span style=\"font-size: 14pt;\">Die Form bedeutet, dass diese nicht nachweisbar ist, wenn sie an einem Kleidungsst\u00fcck getragen wird.<\/span><\/p>\n<p><span style=\"font-size: 14pt;\"><strong>Abdeckung:<\/strong> 4G-3G-2G-Gprs<\/span><\/p>\n<p><span style=\"font-size: 14pt;\"><strong>OCR-Definition:<\/strong> Dokumente mit Text im Kleingedruckten \u00fcbertragen.<\/span><\/p>\n<p><span style=\"font-size: 14pt;\"><strong>Entfernung:<\/strong> unbegrenzt.<\/span><\/p>\n<p><span style=\"font-size: 14pt;\"><strong>Bildqualit\u00e4t:<\/strong> Vollst\u00e4ndig f\u00fcr HD optimiert f\u00fcr superschnellen Empfang<\/span><\/p>\n<p style=\"text-align: left;\"><strong>Einfach zu bedienen:<\/strong><\/p>\n<ul>\n<li style=\"text-align: left;\"><span style=\"font-size: 14pt;\"><b class=\"b3\">Manuellen <\/b><b class=\"b2\">Modus<\/b><strong>:<\/strong>\u00a0Der Benutzer kann das Ger\u00e4t \u00fcber eine an seinem K\u00f6rper versteckte Taste steuern.<\/span><\/li>\n<li style=\"text-align: left;\"><span style=\"font-size: 14pt;\"><strong>Im Fern-Modus:<\/strong> Ein Komplize kann das gesamte System aus der Ferne bedienen.<\/span><\/li>\n<\/ul>\n<p style=\"text-align: left;\"><span style=\"font-size: 14pt;\"><strong>Erforderliche Benutzerkonfiguration:<\/strong> keine, das gesamte System ist selbst konfiguriert<\/span><\/p>\n<p style=\"text-align: left;\"><span style=\"font-size: 14pt;\"><strong>Netzwerk:<\/strong> 4G Nativ, Kein tragbarer Router oder Wlan erforderlich.<\/span><\/p>\n<p>[\/vc_column_text][\/vc_column][\/vc_row][vc_row][vc_column][vc_column_text]<strong>Weitere Eigenschaften:<\/strong><\/p>\n<ul>\n<li>Verbindungstyp: 1G-2G-3G-4G-5G<\/li>\n<li>Automatisch per E-Mail versenden<\/li>\n<li>Automatisch bei Google Fotos hochladen<\/li>\n<li>Aufgezeichnete Videos senden<\/li>\n<li>Direkte Video-Streaming-Verbindung zu Youtube<\/li>\n<li>Direkte Video-Streaming-Verbindung zu Facebook<\/li>\n<li>Direktes Video-Streaming mit anderen unterst\u00fctzten Plattformen<\/li>\n<li>Fernsteuerung von einem Assistententerminal<\/li>\n<li>Vollst\u00e4ndiges Bedienfeld &#8220;Lar&#8221;<\/li>\n<li>Ideal f\u00fcr die Erfassung von Dokumenten oder als <a title=\"Versteckte Kamera f\u00fcr Pr\u00fcfungsbetrug\" href=\"https:\/\/www.spyearpiece.com\/de\/versteckte-kamera-fuer-pruefungsbetrug\/\">Kamera, um bei Pr\u00fcfungen zu schummeln<\/a><\/li>\n<\/ul>\n<p>[\/vc_column_text][\/vc_column][\/vc_row]<\/p>\n<\/div>","protected":false},"excerpt":{"rendered":"<p>[vc_row][vc_column offset=&#8221;vc_hidden-lg&#8221;][vc_video link=&#8221;https:\/\/vimeo.com\/650846732&#8243;][\/vc_column][\/vc_row][vc_row][vc_column offset=&#8221;vc_hidden-md vc_hidden-sm vc_hidden-xs&#8221;][vc_video link=&#8221;https:\/\/vimeo.com\/650846732&#8243; el_width=&#8221;80&#8243; align=&#8221;center&#8221;][\/vc_column][\/vc_row][vc_row][vc_column][vc_column_text]Das Video zeigt, wie sie tats\u00e4chlich verwendet wird, aufgenommen ohne Schnitte oder Spezialeffekte[\/vc_column_text][\/vc_column][\/vc_row][vc_row][vc_column width=&#8221;1\/2&#8243;][vc_single_image image=&#8221;808&#8243; img_size=&#8221;full&#8221; alignment=&#8221;right&#8221; css_animation=&#8221;bounceInLeft&#8221;][\/vc_column][vc_column width=&#8221;1\/2&#8243;][vc_single_image image=&#8221;809&#8243; img_size=&#8221;full&#8221; alignment=&#8221;right&#8221; css_animation=&#8221;bounceInRight&#8221;][\/vc_column][\/vc_row][vc_row][vc_column][vc_column_text]Die neue Lar Pro 4G-Kamera ist die leistungsst\u00e4rkste &#8220;versteckte Kamera zum Schummeln bei Pr\u00fcfungen&#8221; auf dem Markt: Sie erm\u00f6glicht Fernempf\u00e4nge von Dokumentenerfassungen in weniger als [&hellip;]<\/p>\n","protected":false},"featured_media":790,"comment_status":"open","ping_status":"closed","template":"","meta":{"_acf_changed":false,"_joinchat":[]},"product_brand":[],"product_cat":[33,37],"product_tag":[],"class_list":{"0":"post-877","1":"product","2":"type-product","3":"status-publish","4":"has-post-thumbnail","6":"product_cat-kopfhoerern-fuer-pruefungen","7":"product_cat-versteckte-kamera-fur-prufungsbetrug","9":"first","10":"instock","11":"shipping-taxable","12":"purchasable","13":"product-type-simple"},"acf":[],"aioseo_notices":[],"_links":{"self":[{"href":"https:\/\/www.spyearpiece.com\/de\/wp-json\/wp\/v2\/product\/877","targetHints":{"allow":["GET"]}}],"collection":[{"href":"https:\/\/www.spyearpiece.com\/de\/wp-json\/wp\/v2\/product"}],"about":[{"href":"https:\/\/www.spyearpiece.com\/de\/wp-json\/wp\/v2\/types\/product"}],"replies":[{"embeddable":true,"href":"https:\/\/www.spyearpiece.com\/de\/wp-json\/wp\/v2\/comments?post=877"}],"wp:featuredmedia":[{"embeddable":true,"href":"https:\/\/www.spyearpiece.com\/de\/wp-json\/wp\/v2\/media\/790"}],"wp:attachment":[{"href":"https:\/\/www.spyearpiece.com\/de\/wp-json\/wp\/v2\/media?parent=877"}],"wp:term":[{"taxonomy":"product_brand","embeddable":true,"href":"https:\/\/www.spyearpiece.com\/de\/wp-json\/wp\/v2\/product_brand?post=877"},{"taxonomy":"product_cat","embeddable":true,"href":"https:\/\/www.spyearpiece.com\/de\/wp-json\/wp\/v2\/product_cat?post=877"},{"taxonomy":"product_tag","embeddable":true,"href":"https:\/\/www.spyearpiece.com\/de\/wp-json\/wp\/v2\/product_tag?post=877"}],"curies":[{"name":"wp","href":"https:\/\/api.w.org\/{rel}","templated":true}]}}