{"id":892,"date":"2021-01-01T21:43:04","date_gmt":"2021-01-01T21:43:04","guid":{"rendered":"https:\/\/www.spyearpiece.com\/product\/mir-21-pro-verstecktes-ohrhoerer-fuer-pruefungen\/"},"modified":"2023-09-06T09:33:31","modified_gmt":"2023-09-06T09:33:31","slug":"mir-21-pro-verstecktes-ohrhorer-fur-prufungen","status":"publish","type":"product","link":"https:\/\/www.spyearpiece.com\/de\/produkt\/mir-21-pro-verstecktes-ohrhorer-fur-prufungen\/","title":{"rendered":"Mir 21 Pro\u00ae &#8211; Verstecktes Ohrh\u00f6rer f\u00fcr Pr\u00fcfungen"},"content":{"rendered":"<div class=\"wpb-content-wrapper\"><p>[vc_row][vc_column][vc_column_text]<\/p>\n<h2>Eigenschaften Mir 21 Pro\u00ae &#8211; Verstecktes <a title=\"Ohrh\u00f6rer f\u00fcr Pr\u00fcfungen\" href=\"https:\/\/www.spyearpiece.com\/de\/\">Ohrh\u00f6rer f\u00fcr Pr\u00fcfungen<\/a>:<\/h2>\n<p><span style=\"font-size: 14pt;\">Spezielles Kit f\u00fcr die Verwendung mit Mobiltelefonen einschlie\u00dflich Aox 326-Mikrofon<\/span><\/p>\n<p><span style=\"font-size: 14pt;\">Der &#8220;Mir 21 Pro versteckte Ohrh\u00f6rer&#8221; mit Lar-System<sup>\u00ae<\/sup> ist unsere kosteng\u00fcnstige Version des ber\u00fchmten Takoon-Systems. <\/span><\/p>\n<p><span style=\"font-size: 14pt;\">Das Ziel dieses unsichtbaren Ohrh\u00f6rers ist es die gleichen Funktionen wie das Takoon <\/span><span style=\"font-weight: 400; font-size: 14pt;\">Ohrh\u00f6rer f\u00fcr Pr\u00fcfungsbetrug <\/span><span style=\"font-size: 14pt;\">zu sammeln, w\u00e4hrend die Qualit\u00e4t so wenig wie m\u00f6glich reduziert wird, zu einem fairen Preis. <\/span><\/p>\n<p><span style=\"font-size: 14pt;\">Diese Produkt erfordert die neueste Technologie und elektronische Komponenten, da es wirklich schwer ist wirklich effektive Ger\u00e4te zu einem g\u00fcnstigeren Preis herzustellen.<\/span><\/p>\n<ul>\n<li>Hochempfindliches Mikrofon, um mit einem Minimum an Rauschen zu arbeiten.<\/li>\n<li>Prothetische Ohrmuschel mit Polymermaterial zur Vermeidung von Vibrationen und Ger\u00e4uschen im Freien<\/li>\n<li>Nur 15% weniger unsichtbar als das Takoon-System, aber zu einem erschwinglicheren Preis<\/li>\n<\/ul>\n<h3>Enth\u00e4lt kompatible Funktionen<\/h3>\n<p><span style=\"font-size: 14pt;\"><strong>Versteckter Ohrh\u00f6rer f\u00fcr mp3<\/strong><\/span><\/p>\n<h3>Versteckter Ohrh\u00f6rer f\u00fcr 3G-4G-Telefone<\/h3>\n<p><span style=\"font-size: 14pt;\"><strong>Spionkopfh\u00f6rerf\u00fcr Walkie Talkie<\/strong><\/span>[\/vc_column_text][\/vc_column][\/vc_row][vc_row][vc_column][vc_column_text]<\/p>\n<h2>Verschiedene Kunden, die &#8220;Mir 21 Pro <strong>Versteckte Kopfh\u00f6rer<\/strong>&#8221; verwenden<\/h2>\n<p><span style=\"font-size: 14pt;\">Wenn Ihr Ohr kleiner ist,\u00a0 ben\u00f6tigen Sie m\u00f6glicherweise ein Takoon &#8211; S<span style=\"font-weight: 400;\">pion Ohrh\u00f6rer<\/span>&#8211; Ohrh\u00f6rer<\/span><\/p>\n<p>Authentic photographs supplied by clients (we have changed the names to ensure your anonymity)[\/vc_column_text][\/vc_column][\/vc_row][vc_row][vc_column width=&#8221;1\/3&#8243;][vc_column_text]<a title=\"Earpiece exam cheat Finn from Switze\" href=\"https:\/\/www.spyearpiece.com\/de\/produkt\/takoon-verstecktes-ohrhoerer-fuer-pruefungen-mit-lar-system\/\"><img decoding=\"async\" class=\"aligncenter wp-image-491 size-full\" title=\"Verstecktes Ohrh\u00f6rer f\u00fcr Pr\u00fcfungen aus der Schweiz\" src=\"https:\/\/www.spyearpiece.com\/wp-content\/uploads\/earpiece-exam-cheat-Finn-from-Switzerland.jpg\" alt=\"Verstecktes Ohrh\u00f6rer f\u00fcr Pr\u00fcfungen aus der Schweiz\" width=\"600\" height=\"454\" srcset=\"https:\/\/www.spyearpiece.com\/wp-content\/uploads\/earpiece-exam-cheat-Finn-from-Switzerland.jpg 600w, https:\/\/www.spyearpiece.com\/wp-content\/uploads\/earpiece-exam-cheat-Finn-from-Switzerland-300x227.jpg 300w, https:\/\/www.spyearpiece.com\/wp-content\/uploads\/earpiece-exam-cheat-Finn-from-Switzerland-94x70.jpg 94w, https:\/\/www.spyearpiece.com\/wp-content\/uploads\/earpiece-exam-cheat-Finn-from-Switzerland-450x341.jpg 450w\" sizes=\"(max-width: 600px) 100vw, 600px\" \/><\/a>[\/vc_column_text][\/vc_column][vc_column width=&#8221;1\/3&#8243;][vc_column_text]<\/p>\n<p style=\"text-align: center;\"><a title=\"Hidden earpiece cheating exam Adrien from France\" href=\"https:\/\/www.spyearpiece.com\/de\/produkt\/takoon-verstecktes-ohrhoerer-fuer-pruefungen-mit-lar-system\/\"><img decoding=\"async\" class=\"aligncenter wp-image-492\" title=\"Versteckte Ohrh\u00f6rer-Betrugspr\u00fcfung Adrien aus Frankreich\" src=\"https:\/\/www.spyearpiece.com\/wp-content\/uploads\/hidden-earpiece-cheating-exam-Adrien-from-France.jpg\" alt=\"Hidden earpiece cheating exam Adrien from France\" width=\"600\" height=\"454\" srcset=\"https:\/\/www.spyearpiece.com\/wp-content\/uploads\/hidden-earpiece-cheating-exam-Adrien-from-France.jpg 300w, https:\/\/www.spyearpiece.com\/wp-content\/uploads\/hidden-earpiece-cheating-exam-Adrien-from-France-94x70.jpg 94w\" sizes=\"(max-width: 600px) 100vw, 600px\" \/><\/a><\/p>\n<p>[\/vc_column_text][\/vc_column][vc_column width=&#8221;1\/3&#8243;][vc_column_text]<\/p>\n<p style=\"text-align: center;\"><a title=\"Hidden earpiece cheating exam Jorge from Spain\" href=\"https:\/\/www.spyearpiece.com\/de\/produkt\/takoon-verstecktes-ohrhoerer-fuer-pruefungen-mit-lar-system\/\"><img decoding=\"async\" class=\"aligncenter wp-image-493 size-full\" title=\"Versteckte Ohrh\u00f6rer-Betrugspr\u00fcfung Jorge aus Spanien\" src=\"https:\/\/www.spyearpiece.com\/wp-content\/uploads\/hidden-earpiece-cheating-exam-Jorge-from-Spain.jpg\" alt=\"Hidden earpiece cheating exam Jorge from Spain\" width=\"600\" height=\"454\" srcset=\"https:\/\/www.spyearpiece.com\/wp-content\/uploads\/hidden-earpiece-cheating-exam-Jorge-from-Spain.jpg 600w, https:\/\/www.spyearpiece.com\/wp-content\/uploads\/hidden-earpiece-cheating-exam-Jorge-from-Spain-300x227.jpg 300w, https:\/\/www.spyearpiece.com\/wp-content\/uploads\/hidden-earpiece-cheating-exam-Jorge-from-Spain-94x70.jpg 94w, https:\/\/www.spyearpiece.com\/wp-content\/uploads\/hidden-earpiece-cheating-exam-Jorge-from-Spain-450x341.jpg 450w\" sizes=\"(max-width: 600px) 100vw, 600px\" \/><\/a><\/p>\n<p>[\/vc_column_text][\/vc_column][\/vc_row][vc_row][vc_column width=&#8221;1\/3&#8243;][vc_column_text]<\/p>\n<p style=\"text-align: center;\"><a title=\"Spy earpiece cheating exam Oliver from Uk\" href=\"https:\/\/www.spyearpiece.com\/de\/produkt\/takoon-verstecktes-ohrhoerer-fuer-pruefungen-mit-lar-system\/\"><img decoding=\"async\" class=\"aligncenter wp-image-494 size-full\" title=\"Spionageh\u00f6rer-Betrugspr\u00fcfung Oliver aus Gro\u00dfbritannien\" src=\"https:\/\/www.spyearpiece.com\/wp-content\/uploads\/Spy-earpiece-cheating-exam-Oliver-from-Uk.jpg\" alt=\"Spionageh\u00f6rer-Betrugspr\u00fcfung Oliver aus Gro\u00dfbritannien\" width=\"600\" height=\"454\" srcset=\"https:\/\/www.spyearpiece.com\/wp-content\/uploads\/Spy-earpiece-cheating-exam-Oliver-from-Uk.jpg 600w, https:\/\/www.spyearpiece.com\/wp-content\/uploads\/Spy-earpiece-cheating-exam-Oliver-from-Uk-300x227.jpg 300w, https:\/\/www.spyearpiece.com\/wp-content\/uploads\/Spy-earpiece-cheating-exam-Oliver-from-Uk-94x70.jpg 94w, https:\/\/www.spyearpiece.com\/wp-content\/uploads\/Spy-earpiece-cheating-exam-Oliver-from-Uk-450x341.jpg 450w\" sizes=\"(max-width: 600px) 100vw, 600px\" \/><\/a><\/p>\n<p>[\/vc_column_text][\/vc_column][vc_column width=&#8221;1\/3&#8243;][vc_column_text]<\/p>\n<p style=\"text-align: center;\"><a title=\"Spy earpiece exam cheat levin from Switzerland\" href=\"https:\/\/www.spyearpiece.com\/de\/produkt\/takoon-verstecktes-ohrhoerer-fuer-pruefungen-mit-lar-system\/\"><img decoding=\"async\" class=\"aligncenter wp-image-495 size-full\" title=\"Spy-Ohrh\u00f6rer-Pr\u00fcfungsbetr\u00fcger Levin aus der Schweiz\" src=\"https:\/\/www.spyearpiece.com\/wp-content\/uploads\/spy-earpiece-exam-cheat-levin-from-Switzerland.jpg\" alt=\"Spy-Ohrh\u00f6rer-Pr\u00fcfungsbetr\u00fcger Levin aus der Schweiz\" width=\"600\" height=\"454\" srcset=\"https:\/\/www.spyearpiece.com\/wp-content\/uploads\/spy-earpiece-exam-cheat-levin-from-Switzerland.jpg 600w, https:\/\/www.spyearpiece.com\/wp-content\/uploads\/spy-earpiece-exam-cheat-levin-from-Switzerland-300x227.jpg 300w, https:\/\/www.spyearpiece.com\/wp-content\/uploads\/spy-earpiece-exam-cheat-levin-from-Switzerland-94x70.jpg 94w, https:\/\/www.spyearpiece.com\/wp-content\/uploads\/spy-earpiece-exam-cheat-levin-from-Switzerland-450x341.jpg 450w\" sizes=\"(max-width: 600px) 100vw, 600px\" \/><\/a><\/p>\n<p>[\/vc_column_text][\/vc_column][vc_column width=&#8221;1\/3&#8243;][vc_column_text]<\/p>\n<p style=\"text-align: center;\"><a title=\"Spy earpiece exam cheat Stephan from France\" href=\"https:\/\/www.spyearpiece.com\/de\/produkt\/takoon-verstecktes-ohrhoerer-fuer-pruefungen-mit-lar-system\/\"><img decoding=\"async\" class=\"aligncenter wp-image-496 size-full\" title=\"Der Spionageh\u00f6rer-Pr\u00fcfungsbetr\u00fcger Stephan aus Frankreich\" src=\"https:\/\/www.spyearpiece.com\/wp-content\/uploads\/Spy-earpiece-exam-cheat-Stephan-from-France.jpg\" alt=\"Der Spionageh\u00f6rer-Pr\u00fcfungsbetr\u00fcger Stephan aus Frankreich\" width=\"600\" height=\"454\" srcset=\"https:\/\/www.spyearpiece.com\/wp-content\/uploads\/Spy-earpiece-exam-cheat-Stephan-from-France.jpg 600w, https:\/\/www.spyearpiece.com\/wp-content\/uploads\/Spy-earpiece-exam-cheat-Stephan-from-France-300x227.jpg 300w, https:\/\/www.spyearpiece.com\/wp-content\/uploads\/Spy-earpiece-exam-cheat-Stephan-from-France-94x70.jpg 94w, https:\/\/www.spyearpiece.com\/wp-content\/uploads\/Spy-earpiece-exam-cheat-Stephan-from-France-450x341.jpg 450w\" sizes=\"(max-width: 600px) 100vw, 600px\" \/><\/a><\/p>\n<p>[\/vc_column_text][\/vc_column][\/vc_row][vc_row][vc_column width=&#8221;1\/3&#8243;][vc_column_text]<\/p>\n<p style=\"text-align: center;\"><a title=\"Spy earpiece exam Cheating Edu from Spain\" href=\"https:\/\/www.spyearpiece.com\/de\/produkt\/takoon-verstecktes-ohrhoerer-fuer-pruefungen-mit-lar-system\/\"><img decoding=\"async\" class=\"aligncenter wp-image-497 size-full\" title=\"Spionage-Ohrh\u00f6rer-Pr\u00fcfung, betr\u00fcgender Edu aus Spanien\" src=\"https:\/\/www.spyearpiece.com\/wp-content\/uploads\/Spy-earpiece-exam-cheating-Edu-from-Spain.jpg\" alt=\"Spionage-Ohrh\u00f6rer-Pr\u00fcfung, betr\u00fcgender Edu aus Spanien\" width=\"600\" height=\"454\" srcset=\"https:\/\/www.spyearpiece.com\/wp-content\/uploads\/Spy-earpiece-exam-cheating-Edu-from-Spain.jpg 600w, https:\/\/www.spyearpiece.com\/wp-content\/uploads\/Spy-earpiece-exam-cheating-Edu-from-Spain-300x227.jpg 300w, https:\/\/www.spyearpiece.com\/wp-content\/uploads\/Spy-earpiece-exam-cheating-Edu-from-Spain-94x70.jpg 94w, https:\/\/www.spyearpiece.com\/wp-content\/uploads\/Spy-earpiece-exam-cheating-Edu-from-Spain-450x341.jpg 450w\" sizes=\"(max-width: 600px) 100vw, 600px\" \/><\/a><\/p>\n<p>[\/vc_column_text][\/vc_column][vc_column width=&#8221;1\/3&#8243;][vc_column_text]<\/p>\n<p style=\"text-align: center;\"><a title=\"Spy earpiece exam cheating Kiran from India\" href=\"https:\/\/www.spyearpiece.com\/de\/produkt\/takoon-verstecktes-ohrhoerer-fuer-pruefungen-mit-lar-system\/\"><img decoding=\"async\" class=\"aligncenter wp-image-498 size-full\" title=\"Spionage-Ohrh\u00f6rer-Pr\u00fcfung betr\u00fcgt Kiran aus Indien\" src=\"https:\/\/www.spyearpiece.com\/wp-content\/uploads\/Spy-earpiece-exam-cheating-Kiran-from-India.jpg\" alt=\"Spionage-Ohrh\u00f6rer-Pr\u00fcfung betr\u00fcgt Kiran aus Indien\" width=\"600\" height=\"454\" srcset=\"https:\/\/www.spyearpiece.com\/wp-content\/uploads\/Spy-earpiece-exam-cheating-Kiran-from-India.jpg 600w, https:\/\/www.spyearpiece.com\/wp-content\/uploads\/Spy-earpiece-exam-cheating-Kiran-from-India-300x227.jpg 300w, https:\/\/www.spyearpiece.com\/wp-content\/uploads\/Spy-earpiece-exam-cheating-Kiran-from-India-94x70.jpg 94w, https:\/\/www.spyearpiece.com\/wp-content\/uploads\/Spy-earpiece-exam-cheating-Kiran-from-India-450x341.jpg 450w\" sizes=\"(max-width: 600px) 100vw, 600px\" \/><\/a><\/p>\n<p>[\/vc_column_text][\/vc_column][vc_column width=&#8221;1\/3&#8243;][vc_column_text]<\/p>\n<p style=\"text-align: center;\"><a title=\"Hidden earpiece cheating exam Onofre from Italy\" href=\"https:\/\/www.spyearpiece.com\/de\/produkt\/takoon-verstecktes-ohrhoerer-fuer-pruefungen-mit-lar-system\/\"><img decoding=\"async\" class=\"aligncenter wp-image-500 size-full\" title=\"Versteckte Ohrh\u00f6rer-Betrugspr\u00fcfung Onofre aus Italien\" src=\"https:\/\/www.spyearpiece.com\/wp-content\/uploads\/Hidden-earpiece-cheating-exam-Onofre-from-Italy.jpg\" alt=\"Versteckte Ohrh\u00f6rer-Betrugspr\u00fcfung Onofre aus Italien\" width=\"600\" height=\"454\" srcset=\"https:\/\/www.spyearpiece.com\/wp-content\/uploads\/Hidden-earpiece-cheating-exam-Onofre-from-Italy.jpg 600w, https:\/\/www.spyearpiece.com\/wp-content\/uploads\/Hidden-earpiece-cheating-exam-Onofre-from-Italy-300x227.jpg 300w, https:\/\/www.spyearpiece.com\/wp-content\/uploads\/Hidden-earpiece-cheating-exam-Onofre-from-Italy-94x70.jpg 94w, https:\/\/www.spyearpiece.com\/wp-content\/uploads\/Hidden-earpiece-cheating-exam-Onofre-from-Italy-450x341.jpg 450w\" sizes=\"(max-width: 600px) 100vw, 600px\" \/><\/a><\/p>\n<p>[\/vc_column_text][\/vc_column][\/vc_row]<\/p>\n<\/div>","protected":false},"excerpt":{"rendered":"<p>[vc_row][vc_column][vc_column_text] Eigenschaften Mir 21 Pro\u00ae &#8211; Verstecktes Ohrh\u00f6rer f\u00fcr Pr\u00fcfungen: Spezielles Kit f\u00fcr die Verwendung mit Mobiltelefonen einschlie\u00dflich Aox 326-Mikrofon Der &#8220;Mir 21 Pro versteckte Ohrh\u00f6rer&#8221; mit Lar-System\u00ae ist unsere kosteng\u00fcnstige Version des ber\u00fchmten Takoon-Systems. Das Ziel dieses unsichtbaren Ohrh\u00f6rers ist es die gleichen Funktionen wie das Takoon Ohrh\u00f6rer f\u00fcr Pr\u00fcfungsbetrug zu sammeln, w\u00e4hrend die [&hellip;]<\/p>\n","protected":false},"featured_media":763,"comment_status":"closed","ping_status":"closed","template":"","meta":{"_acf_changed":false,"_joinchat":[]},"product_brand":[],"product_cat":[36,33],"product_tag":[],"class_list":{"0":"post-892","1":"product","2":"type-product","3":"status-publish","4":"has-post-thumbnail","6":"product_cat-hohe-qualitaet-kopfhorern-fuer-pruefungen","7":"product_cat-kopfhoerern-fuer-pruefungen","9":"first","10":"instock","11":"shipping-taxable","12":"purchasable","13":"product-type-simple"},"acf":[],"aioseo_notices":[],"_links":{"self":[{"href":"https:\/\/www.spyearpiece.com\/de\/wp-json\/wp\/v2\/product\/892","targetHints":{"allow":["GET"]}}],"collection":[{"href":"https:\/\/www.spyearpiece.com\/de\/wp-json\/wp\/v2\/product"}],"about":[{"href":"https:\/\/www.spyearpiece.com\/de\/wp-json\/wp\/v2\/types\/product"}],"replies":[{"embeddable":true,"href":"https:\/\/www.spyearpiece.com\/de\/wp-json\/wp\/v2\/comments?post=892"}],"wp:featuredmedia":[{"embeddable":true,"href":"https:\/\/www.spyearpiece.com\/de\/wp-json\/wp\/v2\/media\/763"}],"wp:attachment":[{"href":"https:\/\/www.spyearpiece.com\/de\/wp-json\/wp\/v2\/media?parent=892"}],"wp:term":[{"taxonomy":"product_brand","embeddable":true,"href":"https:\/\/www.spyearpiece.com\/de\/wp-json\/wp\/v2\/product_brand?post=892"},{"taxonomy":"product_cat","embeddable":true,"href":"https:\/\/www.spyearpiece.com\/de\/wp-json\/wp\/v2\/product_cat?post=892"},{"taxonomy":"product_tag","embeddable":true,"href":"https:\/\/www.spyearpiece.com\/de\/wp-json\/wp\/v2\/product_tag?post=892"}],"curies":[{"name":"wp","href":"https:\/\/api.w.org\/{rel}","templated":true}]}}