{"id":894,"date":"2021-01-01T21:16:25","date_gmt":"2021-01-01T21:16:25","guid":{"rendered":"https:\/\/www.spyearpiece.com\/product\/takoon-verstecktes-ohrhoerer-fuer-pruefungen-mit-lar-system\/"},"modified":"2023-09-06T09:38:31","modified_gmt":"2023-09-06T09:38:31","slug":"takoon-verstecktes-ohrhoerer-fuer-pruefungen-mit-lar-system","status":"publish","type":"product","link":"https:\/\/www.spyearpiece.com\/de\/produkt\/takoon-verstecktes-ohrhoerer-fuer-pruefungen-mit-lar-system\/","title":{"rendered":"Takoon &#8211; Verstecktes Ohrh\u00f6rer f\u00fcr Pr\u00fcfungen Anti-St\u00f6rsender"},"content":{"rendered":"<div class=\"wpb-content-wrapper\"><p>[vc_row][vc_column][vc_column_text]Takoon &#8211; <a title=\"Verstecktes Ohrh\u00f6r f\u00fcr Pr\u00fcfungen\" href=\"https:\/\/www.spyearpiece.com\/de\/\"><strong>Verstecktes Ohrh\u00f6r f\u00fcr Pr\u00fcfungen<\/strong><\/a>\u00a0 vereint die Erfahrung von mehr als 20 Jahren bei der Herstellung von <a title=\"unsichtbaren Ohrh\u00f6rer\" href=\"https:\/\/www.spyearpiece.com\/de\/\">unsichtbaren Ohrh\u00f6rer<\/a>.<\/p>\n<p>Es gibt nichts Besseres als unser Takoon-System, deren Hauptmerkmale sind:<\/p>\n<p><strong>Polymergeh\u00e4use:<\/strong> Im Allgemeinen besteht das Geh\u00e4use &#8220;versteckter Ohrh\u00f6rer&#8221; aus Kunststoff, was unweigerlich Vibrationen erzeugt, die von au\u00dfen zu h\u00f6ren sind, wenn wir versuchen, diese in sehr ruhigen R\u00e4umen zu verwenden&#8230;<\/p>\n<p>Unsere Takoon <a title=\"versteckter Ohrh\u00f6rer Anti-St\u00f6rsender\" href=\"https:\/\/www.spyearpiece.com\/de\/\">versteckter Ohrh\u00f6rer Anti-St\u00f6rsender<\/a> &#8211; System verwenden ein Soft-Touch-Polymer, das alle Arten von Vibrationen und Ger\u00e4uschen auch bei Verwendung in extrem ruhigen R\u00e4umen eliminiert.<\/p>\n<p><strong>Ergonomisch:<\/strong> optimiert, um sicherzustellen, dass es im Geh\u00f6rgang verweilt<\/p>\n<p>Die Form dieses Ger\u00e4ts wurde so entwickelt, um das Verbergen im Geh\u00f6rgang zu erleichtern, indem Probleme durch runde oder konische Kopfh\u00f6rer beseitigt werden.<\/p>\n<p><strong>Autonomie:<\/strong> bis zu 16 Stunden<\/p>\n<p><strong>Hochwertiger Verst\u00e4rker:<\/strong> arbeitet mit nicht nachweisbaren Induktions-Intensit\u00e4ten und erzeugt keine Interferenzen<\/p>\n<p><strong>Mikrofon mit hoher Verst\u00e4rkung <\/strong>Kann unter der Kleidung versteckt werden und erm\u00f6glicht die Spracherfassung auch bei sehr geringer Lautst\u00e4rke und erfasst selbst das geringste Fl\u00fcstern.<\/p>\n<p>Der Takoon &#8220;Spionage-Ohrh\u00f6rer&#8221; ist viel mehr als ein <a title=\"versteckter Ohrh\u00f6rer\" href=\"https:\/\/www.spyearpiece.com\/de\/\"><strong>versteckter Ohrh\u00f6rer<\/strong><\/a>, er ist absolut unsichtbar. Die meisten versteckten Kopfh\u00f6rer sind zu sehen, wenn man das Ohr seitlich ansieht. Beim Takoon-System bemerkt man jedoch nichts.<\/p>\n<p>Es erm\u00f6glicht drahtlose Kommunikation in unbegrenzter Entfernung. Sein ausgekl\u00fcgeltes, extrem empfindliches Mikrofon erm\u00f6glicht es, mit einem Minimum an Fl\u00fcstern mit einem Assistenten zu sprechen, ohne dass jemand etwas ahnt.<\/p>\n<p>Mit einem Rauschunterdr\u00fcckungssystem, das speziell f\u00fcr die Verwendung f\u00fcr Mobiltelefone entwickelt wurde, ist es m\u00f6glich, gleichzeitig zu sprechen und zu h\u00f6ren.<\/p>\n<p>&nbsp;<\/p>\n<p>Der Preis beinhaltet folgende Funktionen:<\/p>\n<p>Takoon <strong>Spy Ohrh\u00f6rer f\u00fcr Mobiltelefon<\/strong><\/p>\n<p>Takoon <strong>Versteckte Kopfh\u00f6rer f\u00fcr MP3-player<\/strong><\/p>\n<p>Takoon <strong>Spy Ohrh\u00f6rer f\u00fcr Walkie Talkie<\/strong>[\/vc_column_text][\/vc_column][\/vc_row][vc_row][vc_column][vc_column_text]<br \/>\nBilder mit freundlicher Genehmigung einiger unserer Kunden, die den Takoon-&#8220;Verstecktes Ohrh\u00f6rer&#8221; bereits verwenden<\/p>\n<p>Authentische Nutzungsfotos, Namens\u00e4nderung zur Gew\u00e4hrleistung der Anonymit\u00e4t[\/vc_column_text][\/vc_column][\/vc_row][vc_row][vc_column][vc_column_text]<\/p>\n<p>[\/vc_column_text][\/vc_column][\/vc_row][vc_row][vc_column width=&#8221;1\/3&#8243;][vc_column_text]<\/p>\n<p style=\"text-align: center;\"><a title=\"unsichtbaren H\u00f6rer zum Schummel in Pr\u00fcfungen. Marta - Espa\u00f1a\" href=\"https:\/\/www.spyearpiece.com\/product\/takoon-spy-earpiece-with-lar-system\/\"><img decoding=\"async\" class=\"aligncenter wp-image-479 size-full\" title=\"unsichtbaren H\u00f6rer zum Schummel in Pr\u00fcfungen. Marta - Espa\u00f1a\" src=\"https:\/\/www.spyearpiece.com\/wp-content\/uploads\/Spy-earpiece-exam-cheat-Marta-from-Espana.jpg\" alt=\"unsichtbaren H\u00f6rer zum Schummel in Pr\u00fcfungen Marta - Espa\u00f1a\" width=\"600\" height=\"454\" srcset=\"https:\/\/www.spyearpiece.com\/wp-content\/uploads\/Spy-earpiece-exam-cheat-Marta-from-Espana.jpg 600w, https:\/\/www.spyearpiece.com\/wp-content\/uploads\/Spy-earpiece-exam-cheat-Marta-from-Espana-300x227.jpg 300w, https:\/\/www.spyearpiece.com\/wp-content\/uploads\/Spy-earpiece-exam-cheat-Marta-from-Espana-94x70.jpg 94w, https:\/\/www.spyearpiece.com\/wp-content\/uploads\/Spy-earpiece-exam-cheat-Marta-from-Espana-450x341.jpg 450w\" sizes=\"(max-width: 600px) 100vw, 600px\" \/><\/a><\/p>\n<p>[\/vc_column_text][\/vc_column][vc_column width=&#8221;1\/3&#8243;][vc_column_text]<\/p>\n<p style=\"text-align: center;\"><a title=\"Versteckter Spionage-Ohrh\u00f6rer f\u00fcr Pr\u00fcfungsbetrug Clara France\" href=\"https:\/\/www.spyearpiece.com\/product\/takoon-spy-earpiece-with-lar-system\/\"><img decoding=\"async\" class=\"size-full wp-image-481 aligncenter\" src=\"https:\/\/www.spyearpiece.com\/wp-content\/uploads\/Spy-earpiece-exam-cheating-Clara-France.jpg\" alt=\"Versteckter Spionage-Ohrh\u00f6rer f\u00fcr Pr\u00fcfungsbetrug Clara France\" width=\"600\" height=\"454\" srcset=\"https:\/\/www.spyearpiece.com\/wp-content\/uploads\/Spy-earpiece-exam-cheating-Clara-France.jpg 600w, https:\/\/www.spyearpiece.com\/wp-content\/uploads\/Spy-earpiece-exam-cheating-Clara-France-300x227.jpg 300w, https:\/\/www.spyearpiece.com\/wp-content\/uploads\/Spy-earpiece-exam-cheating-Clara-France-94x70.jpg 94w, https:\/\/www.spyearpiece.com\/wp-content\/uploads\/Spy-earpiece-exam-cheating-Clara-France-450x341.jpg 450w\" sizes=\"(max-width: 600px) 100vw, 600px\" \/><\/a><\/p>\n<p>[\/vc_column_text][\/vc_column][vc_column width=&#8221;1\/3&#8243;][vc_column_text]<a title=\"Versteckter Ohrh\u00f6rer Alder anti jammer Germany\" href=\"https:\/\/www.spyearpiece.com\/product\/takoon-spy-earpiece-with-lar-system\/\"><img decoding=\"async\" class=\"aligncenter wp-image-480 size-full\" title=\"Versteckter Ohrh\u00f6rer Alder anti jammer Germany\" src=\"https:\/\/www.spyearpiece.com\/wp-content\/uploads\/Spy-earpiece-exam-cheating-Alder-Germany.jpg\" alt=\"Versteckter Ohrh\u00f6rer Alder anti jammer Germany\" width=\"600\" height=\"454\" srcset=\"https:\/\/www.spyearpiece.com\/wp-content\/uploads\/Spy-earpiece-exam-cheating-Alder-Germany.jpg 600w, https:\/\/www.spyearpiece.com\/wp-content\/uploads\/Spy-earpiece-exam-cheating-Alder-Germany-300x227.jpg 300w, https:\/\/www.spyearpiece.com\/wp-content\/uploads\/Spy-earpiece-exam-cheating-Alder-Germany-94x70.jpg 94w, https:\/\/www.spyearpiece.com\/wp-content\/uploads\/Spy-earpiece-exam-cheating-Alder-Germany-450x341.jpg 450w\" sizes=\"(max-width: 600px) 100vw, 600px\" \/><\/a>[\/vc_column_text][\/vc_column][\/vc_row][vc_row][vc_column width=&#8221;1\/3&#8243;][vc_column_text]<\/p>\n<p style=\"text-align: center;\"><a title=\"Spion ohrh\u00f6rer fur test Marcos from Italy Anti Jammer\" href=\"https:\/\/www.spyearpiece.com\/product\/takoon-spy-earpiece-with-lar-system\/\"><img decoding=\"async\" class=\"aligncenter wp-image-478 size-full\" title=\"Spion ohrh\u00f6rer fur test from Italy Anti Jammer\" src=\"https:\/\/www.spyearpiece.com\/wp-content\/uploads\/Spy-earpiece-cheating-exam-Marcos-from-Italy.jpg\" alt=\"Spion ohrh\u00f6rer fur test Marcos from Italy Anti Jammer\" width=\"600\" height=\"454\" srcset=\"https:\/\/www.spyearpiece.com\/wp-content\/uploads\/Spy-earpiece-cheating-exam-Marcos-from-Italy.jpg 600w, https:\/\/www.spyearpiece.com\/wp-content\/uploads\/Spy-earpiece-cheating-exam-Marcos-from-Italy-300x227.jpg 300w, https:\/\/www.spyearpiece.com\/wp-content\/uploads\/Spy-earpiece-cheating-exam-Marcos-from-Italy-94x70.jpg 94w, https:\/\/www.spyearpiece.com\/wp-content\/uploads\/Spy-earpiece-cheating-exam-Marcos-from-Italy-450x341.jpg 450w\" sizes=\"(max-width: 600px) 100vw, 600px\" \/><\/a><\/p>\n<p>[\/vc_column_text][\/vc_column][vc_column width=&#8221;1\/3&#8243;][vc_column_text]<a title=\"Unsichtbaren H\u00f6rer zum Schummel in Pr\u00fcfungen Eleonora from Italy\" href=\"https:\/\/www.spyearpiece.com\/de\/produkt\/takoon-verstecktes-ohrhoerer-fuer-pruefungen-mit-lar-system\/\"><img decoding=\"async\" class=\"aligncenter wp-image-769 size-full\" title=\"Unsichtbaren H\u00f6rer zum Schummel in Pr\u00fcfungen Eleonora from Italy\" src=\"https:\/\/www.spyearpiece.com\/wp-content\/uploads\/Spy-earpiece-cheating-exam-Eleonora-from-Italy2.jpg\" alt=\"Unsichtbaren H\u00f6rer zum Schummel in Pr\u00fcfungen Eleonora from Italy\" width=\"600\" height=\"454\" srcset=\"https:\/\/www.spyearpiece.com\/wp-content\/uploads\/Spy-earpiece-cheating-exam-Eleonora-from-Italy2.jpg 600w, https:\/\/www.spyearpiece.com\/wp-content\/uploads\/Spy-earpiece-cheating-exam-Eleonora-from-Italy2-300x227.jpg 300w, https:\/\/www.spyearpiece.com\/wp-content\/uploads\/Spy-earpiece-cheating-exam-Eleonora-from-Italy2-94x70.jpg 94w, https:\/\/www.spyearpiece.com\/wp-content\/uploads\/Spy-earpiece-cheating-exam-Eleonora-from-Italy2-450x341.jpg 450w\" sizes=\"(max-width: 600px) 100vw, 600px\" \/><\/a>[\/vc_column_text][\/vc_column][vc_column width=&#8221;1\/3&#8243;][vc_column_text]<\/p>\n<p><a title=\"unsichtbaren H\u00f6rer zum Schummel in Pr\u00fcfungen Eleonora from Italy\" href=\"https:\/\/www.spyearpiece.com\/de\/produkt\/takoon-verstecktes-ohrhoerer-fuer-pruefungen-mit-lar-system\/\"><img decoding=\"async\" class=\"aligncenter wp-image-769 size-full\" title=\"unsichtbaren H\u00f6rer zum Schummel in Pr\u00fcfungen Eleonora from Italy2\" src=\"https:\/\/www.spyearpiece.com\/wp-content\/uploads\/Spy-earpiece-cheating-exam-Eleonora-from-Italy2.jpg\" alt=\"unsichtbaren H\u00f6rer zum Schummel in Pr\u00fcfungen Eleonora from Italy2\" width=\"600\" height=\"454\" srcset=\"https:\/\/www.spyearpiece.com\/wp-content\/uploads\/Spy-earpiece-cheating-exam-Eleonora-from-Italy2.jpg 600w, https:\/\/www.spyearpiece.com\/wp-content\/uploads\/Spy-earpiece-cheating-exam-Eleonora-from-Italy2-300x227.jpg 300w, https:\/\/www.spyearpiece.com\/wp-content\/uploads\/Spy-earpiece-cheating-exam-Eleonora-from-Italy2-94x70.jpg 94w, https:\/\/www.spyearpiece.com\/wp-content\/uploads\/Spy-earpiece-cheating-exam-Eleonora-from-Italy2-450x341.jpg 450w\" sizes=\"(max-width: 600px) 100vw, 600px\" \/><\/a>[\/vc_column_text][\/vc_column][\/vc_row][vc_row][vc_column width=&#8221;1\/3&#8243;][vc_column_text]<\/p>\n<p style=\"text-align: center;\"><a title=\"Versteckte Kopfh\u00f6rer Anti-St\u00f6rsender Anais from Spain\" href=\"https:\/\/www.spyearpiece.com\/product\/takoon-spy-earpiece-with-lar-system\/\"><img decoding=\"async\" class=\"aligncenter wp-image-474 size-full\" title=\"Versteckte Kopfh\u00f6rer Anti-St\u00f6rsender Anais from Spain\" src=\"https:\/\/www.spyearpiece.com\/wp-content\/uploads\/hidden-earpiece-cheating-exam-Anais-from-Spain.jpg\" alt=\"Versteckte Kopfh\u00f6rer Anti-St\u00f6rsender Anais from Spain\" width=\"600\" height=\"454\" srcset=\"https:\/\/www.spyearpiece.com\/wp-content\/uploads\/hidden-earpiece-cheating-exam-Anais-from-Spain.jpg 600w, https:\/\/www.spyearpiece.com\/wp-content\/uploads\/hidden-earpiece-cheating-exam-Anais-from-Spain-300x227.jpg 300w, https:\/\/www.spyearpiece.com\/wp-content\/uploads\/hidden-earpiece-cheating-exam-Anais-from-Spain-94x70.jpg 94w, https:\/\/www.spyearpiece.com\/wp-content\/uploads\/hidden-earpiece-cheating-exam-Anais-from-Spain-450x341.jpg 450w\" sizes=\"(max-width: 600px) 100vw, 600px\" \/><\/a><\/p>\n<p>[\/vc_column_text][\/vc_column][vc_column width=&#8221;1\/3&#8243;][vc_column_text]<\/p>\n<p style=\"text-align: center;\"><a title=\"Versteckter Spionage-Ohrh\u00f6rer f\u00fcr Pr\u00fcfungsbetrug Emma from EEUU\" href=\"https:\/\/www.spyearpiece.com\/product\/takoon-spy-earpiece-with-lar-system\/\"><img decoding=\"async\" class=\"aligncenter wp-image-475\" title=\"Versteckter Spionage-Ohrh\u00f6rer f\u00fcr Pr\u00fcfungsbetrug Emma from EEUU\" src=\"https:\/\/www.spyearpiece.com\/wp-content\/uploads\/hidden-earpiece-cheating-exam-Emma-from-EEUU.jpg\" alt=\"Versteckter Spionage-Ohrh\u00f6rer f\u00fcr Pr\u00fcfungsbetrug Emma from EEUU\" width=\"600\" height=\"454\" srcset=\"https:\/\/www.spyearpiece.com\/wp-content\/uploads\/hidden-earpiece-cheating-exam-Emma-from-EEUU.jpg 300w, https:\/\/www.spyearpiece.com\/wp-content\/uploads\/hidden-earpiece-cheating-exam-Emma-from-EEUU-94x70.jpg 94w\" sizes=\"(max-width: 600px) 100vw, 600px\" \/><\/a><\/p>\n<p>[\/vc_column_text][\/vc_column][vc_column width=&#8221;1\/3&#8243;][vc_column_text]<\/p>\n<p style=\"text-align: center;\"><a title=\"unsichtbaren Spionkopfh\u00f6rer Pr\u00fcfungen cheat Olivia from EEUU\" href=\"https:\/\/www.spyearpiece.com\/product\/takoon-spy-earpiece-with-lar-system\/\"><img decoding=\"async\" class=\"aligncenter wp-image-476 size-full\" title=\"unsichtbaren Spionkopfh\u00f6rer Pr\u00fcfungen Olivia from EEUU\" src=\"https:\/\/www.spyearpiece.com\/wp-content\/uploads\/hidden-earpiece-exam-cheat-Olivia-from-EEUU.jpg\" alt=\"unsichtbaren Spionkopfh\u00f6rer Pr\u00fcfungen cheat Olivia from EEUU\" width=\"600\" height=\"454\" srcset=\"https:\/\/www.spyearpiece.com\/wp-content\/uploads\/hidden-earpiece-exam-cheat-Olivia-from-EEUU.jpg 600w, https:\/\/www.spyearpiece.com\/wp-content\/uploads\/hidden-earpiece-exam-cheat-Olivia-from-EEUU-300x227.jpg 300w, https:\/\/www.spyearpiece.com\/wp-content\/uploads\/hidden-earpiece-exam-cheat-Olivia-from-EEUU-94x70.jpg 94w, https:\/\/www.spyearpiece.com\/wp-content\/uploads\/hidden-earpiece-exam-cheat-Olivia-from-EEUU-450x341.jpg 450w\" sizes=\"(max-width: 600px) 100vw, 600px\" \/><\/a><\/p>\n<p>[\/vc_column_text][\/vc_column][\/vc_row][vc_row][vc_column width=&#8221;1\/3&#8243;][\/vc_column][vc_column width=&#8221;1\/3&#8243;][vc_column_text]<a title=\"Versteckte Kopfh\u00f6rer f\u00fcr Pr\u00fcfungsbetrug Anti-St\u00f6rsender Kenai from EEUU\" href=\"https:\/\/www.spyearpiece.com\/product\/takoon-spy-earpiece-with-lar-system\/\"><img decoding=\"async\" class=\"aligncenter wp-image-482 size-full\" title=\"Versteckte Kopfh\u00f6re f\u00fcr Pr\u00fcfungsbetrug Anti-St\u00f6rsender Kenai EEUU\" src=\"https:\/\/www.spyearpiece.com\/wp-content\/uploads\/Spy-earpiece-exam-cheating-Kenai-from-EEUU.jpg\" alt=\"Versteckte Kopfh\u00f6rer f\u00fcr Pr\u00fcfungsbetrug Anti-St\u00f6rsender Kenai from EEUU\" width=\"600\" height=\"454\" srcset=\"https:\/\/www.spyearpiece.com\/wp-content\/uploads\/Spy-earpiece-exam-cheating-Kenai-from-EEUU.jpg 600w, https:\/\/www.spyearpiece.com\/wp-content\/uploads\/Spy-earpiece-exam-cheating-Kenai-from-EEUU-300x227.jpg 300w, https:\/\/www.spyearpiece.com\/wp-content\/uploads\/Spy-earpiece-exam-cheating-Kenai-from-EEUU-94x70.jpg 94w, https:\/\/www.spyearpiece.com\/wp-content\/uploads\/Spy-earpiece-exam-cheating-Kenai-from-EEUU-450x341.jpg 450w\" sizes=\"(max-width: 600px) 100vw, 600px\" \/><\/a>[\/vc_column_text][\/vc_column][vc_column width=&#8221;1\/3&#8243;][\/vc_column][\/vc_row]<\/p>\n<\/div>","protected":false},"excerpt":{"rendered":"<p>[vc_row][vc_column][vc_column_text]Takoon &#8211; Verstecktes Ohrh\u00f6r f\u00fcr Pr\u00fcfungen\u00a0 vereint die Erfahrung von mehr als 20 Jahren bei der Herstellung von unsichtbaren Ohrh\u00f6rer. Es gibt nichts Besseres als unser Takoon-System, deren Hauptmerkmale sind: Polymergeh\u00e4use: Im Allgemeinen besteht das Geh\u00e4use &#8220;versteckter Ohrh\u00f6rer&#8221; aus Kunststoff, was unweigerlich Vibrationen erzeugt, die von au\u00dfen zu h\u00f6ren sind, wenn wir versuchen, diese in [&hellip;]<\/p>\n","protected":false},"featured_media":764,"comment_status":"closed","ping_status":"closed","template":"","meta":{"_acf_changed":false,"_joinchat":[]},"product_brand":[],"product_cat":[36,33],"product_tag":[],"class_list":{"0":"post-894","1":"product","2":"type-product","3":"status-publish","4":"has-post-thumbnail","6":"product_cat-hohe-qualitaet-kopfhorern-fuer-pruefungen","7":"product_cat-kopfhoerern-fuer-pruefungen","9":"first","10":"instock","11":"shipping-taxable","12":"purchasable","13":"product-type-simple"},"acf":[],"aioseo_notices":[],"_links":{"self":[{"href":"https:\/\/www.spyearpiece.com\/de\/wp-json\/wp\/v2\/product\/894","targetHints":{"allow":["GET"]}}],"collection":[{"href":"https:\/\/www.spyearpiece.com\/de\/wp-json\/wp\/v2\/product"}],"about":[{"href":"https:\/\/www.spyearpiece.com\/de\/wp-json\/wp\/v2\/types\/product"}],"replies":[{"embeddable":true,"href":"https:\/\/www.spyearpiece.com\/de\/wp-json\/wp\/v2\/comments?post=894"}],"wp:featuredmedia":[{"embeddable":true,"href":"https:\/\/www.spyearpiece.com\/de\/wp-json\/wp\/v2\/media\/764"}],"wp:attachment":[{"href":"https:\/\/www.spyearpiece.com\/de\/wp-json\/wp\/v2\/media?parent=894"}],"wp:term":[{"taxonomy":"product_brand","embeddable":true,"href":"https:\/\/www.spyearpiece.com\/de\/wp-json\/wp\/v2\/product_brand?post=894"},{"taxonomy":"product_cat","embeddable":true,"href":"https:\/\/www.spyearpiece.com\/de\/wp-json\/wp\/v2\/product_cat?post=894"},{"taxonomy":"product_tag","embeddable":true,"href":"https:\/\/www.spyearpiece.com\/de\/wp-json\/wp\/v2\/product_tag?post=894"}],"curies":[{"name":"wp","href":"https:\/\/api.w.org\/{rel}","templated":true}]}}