{"id":1774,"date":"2023-07-30T19:30:34","date_gmt":"2023-07-30T19:30:34","guid":{"rendered":"https:\/\/www.spyearpiece.com\/hidden-earpiece-and-camera-for-cheating-on-tests-and-exams\/"},"modified":"2023-07-30T23:11:43","modified_gmt":"2023-07-30T23:11:43","slug":"hidden-earpiece-and-camera-for-cheating-on-tests-and-exams","status":"publish","type":"page","link":"https:\/\/www.spyearpiece.com\/it\/","title":{"rendered":"Telecamera con auricolare invisibile per esami"},"content":{"rendered":"<div class=\"wpb-content-wrapper\"><p>[vc_row][vc_column][vc_column_text]<\/p>\r\n\r\n<figure class=\"wp-block-image\"><img decoding=\"async\" width=\"1000\" height=\"563\" class=\"wp-image-336 aligncenter\" src=\"https:\/\/www.spyearpiece.com\/wp-content\/uploads\/Spy-earpiece-hidden-hearpiece-to-cheat-exam.jpg\" alt=\"Auricolare invisibile per copiare durante gli esami\" srcset=\"https:\/\/www.spyearpiece.com\/wp-content\/uploads\/Spy-earpiece-hidden-hearpiece-to-cheat-exam.jpg 1000w, https:\/\/www.spyearpiece.com\/wp-content\/uploads\/Spy-earpiece-hidden-hearpiece-to-cheat-exam-450x253.jpg 450w, https:\/\/www.spyearpiece.com\/wp-content\/uploads\/Spy-earpiece-hidden-hearpiece-to-cheat-exam-300x169.jpg 300w, https:\/\/www.spyearpiece.com\/wp-content\/uploads\/Spy-earpiece-hidden-hearpiece-to-cheat-exam-768x432.jpg 768w, https:\/\/www.spyearpiece.com\/wp-content\/uploads\/Spy-earpiece-hidden-hearpiece-to-cheat-exam-630x355.jpg 630w, https:\/\/www.spyearpiece.com\/wp-content\/uploads\/Spy-earpiece-hidden-hearpiece-to-cheat-exam-930x524.jpg 930w\" sizes=\"(max-width: 1000px) 100vw, 1000px\" \/><\/figure>\r\n<p>[\/vc_column_text][\/vc_column][\/vc_row][vc_row][vc_column width=&#8221;1\/3&#8243;][vc_icon icon_fontawesome=&#8221;fas fa-book-reader&#8221; color=&#8221;grey&#8221; size=&#8221;xl&#8221; align=&#8221;center&#8221;][vc_column_text]<\/p>\r\n<h2 align=\"center\">Auricolare invisibile per esami.<\/h2>\r\n<p>[\/vc_column_text][\/vc_column][vc_column width=&#8221;1\/3&#8243;][vc_icon icon_fontawesome=&#8221;fas fa-briefcase&#8221; color=&#8221;grey&#8221; size=&#8221;xl&#8221; align=&#8221;center&#8221;][vc_column_text]<\/p>\r\n<h2 align=\"center\">Auricolare nascosto per riunioni di lavoro.<\/h2>\r\n<p>&nbsp;<\/p>\r\n<p>[\/vc_column_text][\/vc_column][vc_column width=&#8221;1\/3&#8243;][vc_icon icon_fontawesome=&#8221;fas fa-chalkboard-teacher&#8221; color=&#8221;grey&#8221; size=&#8221;xl&#8221; align=&#8221;center&#8221;][vc_column_text]<\/p>\r\n<h2 style=\"text-align: center;\">Auricolare invisibile per riunioni di lavoro.<\/h2>\r\n<p>&nbsp;<\/p>\r\n<p>[\/vc_column_text][\/vc_column][\/vc_row][vc_row][vc_column][vc_empty_space][\/vc_column][\/vc_row][vc_row][vc_column][vc_column_text]<\/p>\r\n<p><strong><span style=\"font-size: 18pt;\">SpyEarpiece.com<\/span><\/strong> <span style=\"font-size: 18pt;\">\u00e8 stato il primo dominio Internet dedicato alla progettazione dei <a title=\"Telecamera con auricolare invisibile per esami\" href=\"https:\/\/www.spyearpiece.com\/it\/\"><em>Telecamera con auricolare invisibile per esami<\/em><\/a> sistemi.<\/span><\/p>\r\n<p>[\/vc_column_text][\/vc_column][\/vc_row][vc_row][vc_column][vc_column_text]<\/p>\r\n<p style=\"text-align: center;\"><span style=\"font-size: 24pt;\">Being the first has made us the best.<\/span><\/p>\r\n<p>[\/vc_column_text][\/vc_column][\/vc_row][vc_row full_width=&#8221;stretch_row&#8221; css=&#8221;.vc_custom_1636972546897{background-color: #000000 !important;}&#8221;][vc_column][vc_column_text]<\/p>\r\n<h2><strong><u>Auricolare spia di alta qualit\u00e0.<\/u><\/strong><\/h2>\r\n<p>Gli &#8220;Auricolari spia di alta qualit\u00e0&#8221; presenti nel nostro catalogo sono suddivise in diversi modelli e, sebbene alcuni ne migliorino altri, raggiungono tutti lo standard di invisibilit\u00e0 riguardo:<\/p>\r\n<ul>\r\n<li><strong>Forma ergonomica<\/strong>: Evita rumori dall&#8217;esterno.<\/li>\r\n<li><strong>Chassis polimerico<\/strong>: Per evitare suoni esterni.<\/li>\r\n<li><strong>Livello induttivo molto basso<\/strong>: Evita il rilevamento.<\/li>\r\n<\/ul>\r\n<p>[\/vc_column_text][\/vc_column][\/vc_row][vc_row full_width=&#8221;stretch_row&#8221; css=&#8221;.vc_custom_1636972567527{background-color: #000000 !important;}&#8221;][vc_column width=&#8221;1\/2&#8243;][vc_column_text]<\/p>\r\n<h2><a id=\"spyearpiece\"><\/a>Mir 21 micro auricolare invisibile.<\/h2>\r\n<p>[\/vc_column_text][vc_column_text]<\/p>\r\n<p style=\"text-align: center;\"><img decoding=\"async\" class=\"aligncenter wp-image-922 size-full\" title=\"Micro auricolare invisibile opiare durante gli esami Mir 21 Pro\" src=\"https:\/\/www.spyearpiece.com\/wp-content\/uploads\/spy-earpiece-cheating-exam-mir-21-Pro2.jpg\" alt=\"Micro auricolare invisibile opiare durante gli esami Mir 21 Pro width=\" height=\"450\" srcset=\"https:\/\/www.spyearpiece.com\/wp-content\/uploads\/spy-earpiece-cheating-exam-mir-21-Pro2.jpg 600w, https:\/\/www.spyearpiece.com\/wp-content\/uploads\/spy-earpiece-cheating-exam-mir-21-Pro2-300x225.jpg 300w, https:\/\/www.spyearpiece.com\/wp-content\/uploads\/spy-earpiece-cheating-exam-mir-21-Pro2-94x70.jpg 94w, https:\/\/www.spyearpiece.com\/wp-content\/uploads\/spy-earpiece-cheating-exam-mir-21-Pro2-450x338.jpg 450w\" sizes=\"(max-width: 600px) 100vw, 600px\" \/><\/p>\r\n<p>[\/vc_column_text][vc_column_text]<\/p>\r\n<p>Leggermente pi\u00f9 abbordabile del nostro &#8220;auricolare nascosto Mir 21 pro&#8221;, mantenendo per\u00f2 le caratteristiche principali: in quanto contiene sempre lo stesso tipo di polimero nel telaio e comprende anche il principio anti-inibitore dei sistemi Lar.<\/p>\r\n<p>[\/vc_column_text][vc_btn title=&#8221;Prezzo 960\u20ac VAI AL PRODOTTO&#8221; color=&#8221;blue&#8221; align=&#8221;right&#8221; link=&#8221;url:https%3A%2F%2Fwww.spyearpiece.com%2Fit%2Fprodotto%2Fmicro-auricolare-per-esami-mir-21-pro%2F|title:Price%20960%E2%82%AC%20Go%20to%20product&#8221;][\/vc_column][vc_column width=&#8221;1\/2&#8243;][vc_column_text]<\/p>\r\n<h2 style=\"text-align: left;\">Takoon auricolare invisibile per esami.<\/h2>\r\n<p>[\/vc_column_text][vc_column_text]<\/p>\r\n<p style=\"text-align: center;\"><img decoding=\"async\" class=\"size-full wp-image-924 aligncenter\" src=\"https:\/\/www.spyearpiece.com\/wp-content\/uploads\/spy-earpiece-cheating-exam-Takoon2.jpg\" alt=\"Takoon auricolare invisibile per esami\" width=\"600\" height=\"450\" srcset=\"https:\/\/www.spyearpiece.com\/wp-content\/uploads\/spy-earpiece-cheating-exam-Takoon2.jpg 600w, https:\/\/www.spyearpiece.com\/wp-content\/uploads\/spy-earpiece-cheating-exam-Takoon2-300x225.jpg 300w, https:\/\/www.spyearpiece.com\/wp-content\/uploads\/spy-earpiece-cheating-exam-Takoon2-94x70.jpg 94w, https:\/\/www.spyearpiece.com\/wp-content\/uploads\/spy-earpiece-cheating-exam-Takoon2-450x338.jpg 450w\" sizes=\"(max-width: 600px) 100vw, 600px\" \/><\/p>\r\n<p>[\/vc_column_text][vc_column_text]<\/p>\r\n<p>The <strong>L&#8217;auricolare nascosto<\/strong> \u00e8 invisibile Takoon (chi ci guarda di lato vedr\u00e0 solo il nostro normale foro uditivo).<\/p>\r\n<p>Il suo basso livello induttivo lo rende impossibile da rilevare, evita i rumori esterni ed \u00e8 immune agli inibitori&#8230;<\/p>\r\n<p>[\/vc_column_text][vc_btn title=&#8221;Prezzo 1.410\u20ac VAI AL PRODOTTO&#8221; color=&#8221;blue&#8221; align=&#8221;right&#8221; link=&#8221;url:https%3A%2F%2Fwww.spyearpiece.com%2Fit%2Fprodotto%2Ftakoon-auricolari-nascosti-anti-inibitore-jammer%2F|title:Price%201.410%E2%82%AC%20Go%20to%20product&#8221;][\/vc_column][\/vc_row][vc_row][vc_column][vc_column_text]<\/p>\r\n<h2>Auricolare spia con fotocamera per copiare agli esami.<\/h2>\r\n<p><strong>Telecamera invisibili <\/strong> sono il miglior complemento per un auricolare nascosto.<\/p>\r\n<p>We have different (up to 8) types of hidden <a title=\"Telecamera per esami\" href=\"https:\/\/www.spyearpiece.com\/it\/telecamera-nascosta-per-esami\/\">Tele camera nascoste per esami<\/a>, (fino a 8) per copiare durante gli esami; tuttavia, solo due di essi soddisfano le condizioni necessarie per trasmettere documenti a distanza illimitata facendo s\u00ec che nessuno si accorga di nulla osservando i nostri gesti e le nostre azioni.<\/p>\r\n<p><strong>Questi sistemi vengono chiamati Telecamera Lar<sup>\u00ae <\/sup>.<\/strong><\/p>\r\n<p>[\/vc_column_text][\/vc_column][\/vc_row][vc_row][vc_column width=&#8221;1\/2&#8243;][vc_column_text]<\/p>\r\n<h2>Lar<sup>\u00ae<\/sup> Camera per esami.<\/h2>\r\n<p>[\/vc_column_text][vc_column_text]<\/p>\r\n<p style=\"text-align: center;\"><img decoding=\"async\" class=\"aligncenter wp-image-1193 size-full\" title=\"Fotocamera Lar \u00ae Pro per copiare agli esami\" src=\"https:\/\/www.spyearpiece.com\/wp-content\/uploads\/\/Telecamera-con-auricolare-per-esami-inviare-foto-1.jpg\" alt=\"Fotocamera Lar \u00ae Pro per copiare agli esami\" width=\"600\" height=\"454\" \/><\/p>\r\n<p>[\/vc_column_text][vc_column_text]Undetectable, Non rilevabile, nessun Wi-Fi, nessun bottone sospetto. Micro connessioni 3g gprs.[\/vc_column_text][vc_btn title=&#8221;PREZZO 1.560\u20ac VAI AL PRODOTTO&#8221; color=&#8221;blue&#8221; align=&#8221;right&#8221; link=&#8221;url:https%3A%2F%2Fwww.spyearpiece.com%2Fit%2Fprodotto%2Fcamera-per-esami-con-auricolare-lar%2F|title:Price%201.560%E2%82%AC%20Go%20to%20Product&#8221;][\/vc_column][vc_column width=&#8221;1\/2&#8243;][vc_column_text]<\/p>\r\n<h2>Microcamera Lar<sup>\u00ae<\/sup> per esami.<\/h2>\r\n<p>[\/vc_column_text][vc_column_text]<\/p>\r\n<p style=\"text-align: center;\"><img decoding=\"async\" class=\"aligncenter wp-image-507 size-large\" title=\"Fotocamera Lar \u00ae Pro per copiare agli esami\" src=\"https:\/\/www.spyearpiece.com\/wp-content\/uploads\/\/hidden-earpiece-camera-4G-1024x775.jpg\" alt=\"Fotocamera Lar \u00ae Pro per copiare agli esami\" height=\"458\" srcset=\"https:\/\/www.spyearpiece.com\/wp-content\/uploads\/hidden-earpiece-camera-4G-1024x775.jpg 1024w, https:\/\/www.spyearpiece.com\/wp-content\/uploads\/hidden-earpiece-camera-4G-300x227.jpg 300w, https:\/\/www.spyearpiece.com\/wp-content\/uploads\/hidden-earpiece-camera-4G-768x581.jpg 768w, https:\/\/www.spyearpiece.com\/wp-content\/uploads\/hidden-earpiece-camera-4G-94x70.jpg 94w, https:\/\/www.spyearpiece.com\/wp-content\/uploads\/hidden-earpiece-camera-4G-1000x757.jpg 1000w, https:\/\/www.spyearpiece.com\/wp-content\/uploads\/hidden-earpiece-camera-4G-450x341.jpg 450w, https:\/\/www.spyearpiece.com\/wp-content\/uploads\/hidden-earpiece-camera-4G.jpg 1200w\" sizes=\"(max-width: 1024px) 100vw, 1024px\" \/><\/p>\r\n<p>[\/vc_column_text][vc_column_text]Non rilevabile, nessun Wi-Fi, nessun bottone sospetto. Micro connessioni 1g-2g-3g-4g. E-mail: foto di Google, trasmissione di video da YouTube, etc.[\/vc_column_text][vc_btn title=&#8221;PREZZO 2.560\u20ac VAI AL PRODOTTO&#8221; color=&#8221;blue&#8221; align=&#8221;right&#8221; link=&#8221;url:https%3A%2F%2Fwww.spyearpiece.com%2Fit%2Fprodotto%2Ftelecamera-per-imbrogliare-agli-esami-lar-pro-4g%2F|title:Price%202.560%E2%82%AC%20Go%20to%20Product&#8221;][\/vc_column][\/vc_row][vc_row][vc_column][vc_icon icon_fontawesome=&#8221;fab fa-youtube&#8221; color=&#8221;grey&#8221; size=&#8221;xl&#8221; align=&#8221;center&#8221; link=&#8221;url:https%3A%2F%2Fwww.spyearpiece.com%2Fspy-earpiece-camera-cheating-exam-camera%2F|title:Spy%20Earpiece%20Camera&#8221;][vc_column_text]<\/p>\r\n<p style=\"text-align: center;\"><span style=\"color: #3366ff; font-size: 24pt;\"><a style=\"color: #3366ff;\" title=\"Guarda il video dimostrativo e il confronto delle sue funzionalit\u00e0...\" href=\"https:\/\/www.spyearpiece.com\/it\/telecamera-nascosta-per-esami\/\">Guarda il video dimostrativo e il confronto delle sue funzionalit\u00e0&#8230;<\/a><\/span><\/p>\r\n<p>[\/vc_column_text][\/vc_column][\/vc_row][vc_row full_width=&#8221;stretch_row&#8221; css=&#8221;.vc_custom_1636972601410{background-color: #000000 !important;}&#8221;][vc_column][vc_column_text]<\/p>\r\n<h2 style=\"text-align: center;\">\u00a0Essere i primi ci ha resi i migliori.<\/h2>\r\n<h2 style=\"text-align: center;\">&#8220;Micro auricolare invisibile&#8221; e comunicazioni segrete per operazioni in tutta sicurezza.<\/h2>\r\n<p style=\"text-align: center;\"><a title=\"Micro auricolare invisibile\" href=\"https:\/\/www.spyearpiece.com\"><img decoding=\"async\" class=\"alignnone size-full wp-image-930\" src=\"https:\/\/www.spyearpiece.com\/wp-content\/uploads\/Spy-Earpiece-Covert-communications-for-security-operations.jpg\" alt=\"Micro auricolare invisibile\" width=\"1800\" height=\"403\" srcset=\"https:\/\/www.spyearpiece.com\/wp-content\/uploads\/Spy-Earpiece-Covert-communications-for-security-operations.jpg 1800w, https:\/\/www.spyearpiece.com\/wp-content\/uploads\/Spy-Earpiece-Covert-communications-for-security-operations-300x67.jpg 300w, https:\/\/www.spyearpiece.com\/wp-content\/uploads\/Spy-Earpiece-Covert-communications-for-security-operations-1024x229.jpg 1024w, https:\/\/www.spyearpiece.com\/wp-content\/uploads\/Spy-Earpiece-Covert-communications-for-security-operations-768x172.jpg 768w, https:\/\/www.spyearpiece.com\/wp-content\/uploads\/Spy-Earpiece-Covert-communications-for-security-operations-1536x344.jpg 1536w, https:\/\/www.spyearpiece.com\/wp-content\/uploads\/Spy-Earpiece-Covert-communications-for-security-operations-1280x287.jpg 1280w, https:\/\/www.spyearpiece.com\/wp-content\/uploads\/Spy-Earpiece-Covert-communications-for-security-operations-1000x224.jpg 1000w, https:\/\/www.spyearpiece.com\/wp-content\/uploads\/Spy-Earpiece-Covert-communications-for-security-operations-450x101.jpg 450w\" sizes=\"(max-width: 1800px) 100vw, 1800px\" \/><\/a><\/p>\r\n<p>[\/vc_column_text][\/vc_column][\/vc_row][vc_row full_width=&#8221;stretch_row&#8221; css=&#8221;.vc_custom_1636972630592{background-color: #000000 !important;}&#8221;][vc_column][vc_column_text]<\/p>\r\n<p style=\"text-align: center;\"><span style=\"font-size: 24pt;\">Il fatto che gli studenti pi\u00f9 giovani utilizzino degli &#8220;pinganillos nascosti&#8221; come <em>auricolari spia&#8221;<\/em>.<\/span><\/p>\r\n<p>Il fatto che gli studenti pi\u00f9 giovani utilizzino degli &#8220;<strong><a title=\"auriculare nascosti per esami\" href=\"https:\/\/www.spyearpiece.com\/it\/\"><u>auriculare nascosti per esami<\/u><\/a>&#8221; porta a una moltitudine di bufale e truffe.<\/strong><\/p>\r\n<p>Questi inganni si riferiscono solitamente alle offerte di auricolari cinesi a basso costo (ad esempio, su Aliexpress costano 10\u20ac), a cui vengono falsamente assegnate caratteristiche simili agli autentici &#8220;micro auricolare nascosto per gli esami<u>.<\/u>&#8220;<\/p>\r\n<p>Questi tipi di truffe vengono effettuate principalmente sui siti dei rivenditori o presso lo stesso Amazon.com dove sono stati recentemente cacciati 3.000 venditori per aver ottenuto recensioni false e ovviamente positive sui loro prodotti (<a title=\"Segui le notizie su google\" href=\"https:\/\/www.google.com\/search?q=amazon+expels+3000+sellers\">Segui le notizie su google<\/a>).<\/p>\r\n<p>[\/vc_column_text][\/vc_column][\/vc_row][vc_row][vc_column][vc_column_text]<\/p>\r\n<p><span style=\"font-size: 14pt;\">Il gruppo SosEspias progetta auricolari nascosti dal 1987 ed \u00e8 proprietario di SpyEarpiece.com, il primo dominio Internet dedicato proprio agli auricolari nascosti.<\/span><\/p>\r\n<h2><strong><u>Cosa rende legale o illegale l&#8217;utilizzo degli auricolari nascosto con fotocamera durante gli esami?<\/u><\/strong><\/h2>\r\n<p>Esiste solo una legge che afferma che illegale \u00e8 ci\u00f2 che \u00e8 proibito dalla legge o che, per analogia, pu\u00f2 essere equiparato a qualcosa di proibito dalle normative..<\/p>\r\n<p>In Spagna, attualmente (al momento di questa pubblicazione) \u00e8 l&#8217;esaminatore stesso che determina le condizioni e le sanzioni che si applicano a coloro che non si conformano alle leggi stesse.<\/p>\r\n<p>Ci sono addirittura esami in cui \u00e8 consentito utilizzare tutti i tipi di dispositivi e ausili a cui possiamo avere accesso durante lo svolgimento delle funzioni professionali per le quali veniamo esaminati&#8230;.<\/p>\r\n<p>AGGIORNAMENTO: In Spagna<strong> dell&#8217;auricolare spia per copiare duranti gli esami<\/strong> sorprendentemente la nuova legge che regola l&#8217;attivit\u00e0 degli studenti universitari nel 2021 prevede solo le sanzioni imposte dalla facolt\u00e0, allontanando questo comportamento dall&#8217;ambiente legale-illegale.<\/p>\r\n<h2><strong>\u00a0<\/strong><strong> Chi pu\u00f2 acquistare un auricolare invisibile?<\/strong><\/h2>\r\n<p>Legalmente, un &#8220;auricolare invisibile&#8221; non \u00e8 diverso da un normale auricolare o telefono, quindi chiunque pu\u00f2 acquistarne uno..<\/p>\r\n<p>L&#8217;acquisto di qualsiasi tipo di auricolare \u00e8 legale e pu\u00f2 essere effettuato da chiunque.<\/p>\r\n<h2><strong>Cos&#8217;\u00e8 un auricolare nascosto professionale?<\/strong><\/h2>\r\n<p><u>gli auricolari invisibili professionali<\/u>\u00a0\u00e8:<\/p>\r\n<ul>\r\n<li><strong>Fissaggio all&#8217;interno dell&#8217;orecchio:<\/strong> gli auricolari nascosti economici hanno forme coniche, se premi un oggetto conico tra le dita bagnate, vedrai che si muove. Al contrario, se proviamo a farlo con delle cuffiette economiche queste cadranno dall&#8217;orecchio.<\/li>\r\n<li><strong>Eliminazione del rumore esterno:<\/strong> gli auricolari nascosti economici sono realizzati in plastica o metallo (magneti), questi materiali vibrano e trasmettono i suoni verso l&#8217;esterno. Chi ti \u00e8 vicino sentir\u00e0 tutti questi suoni rivelatori Gli auricolari nascosti professionali utilizzano polimeri speciali la cui missione \u00e8 proprio quella di evitare questi suoni all&#8217;esterno.<\/li>\r\n<li><strong>Interferenze nei dispositivi elettronici vicini:<\/strong> gli auricolari nascosti economici funzionano con livelli induttivi molto alti, questi livelli interferiscono con i dispositivi elettronici vicini. Gli auricolari nascosti professionali funzionano con livelli induttivi fino a 100 volte inferiori per evitare il rilevamento.<\/li>\r\n<li><strong>Anti-inibitore:<\/strong> I nostri auricolari professionali sono anti-inibitorie..<\/li>\r\n<li><strong>Anti-rilevatori<\/strong> il segnale del nostro auricolare nascosto professionale Takoon funziona con livelli induttivi cos\u00ec bassi che il suo segnale non pu\u00f2 essere rilevato.<\/li>\r\n<\/ul>\r\n<p><strong>Commenti FALSI!:<\/strong><\/p>\r\n<p><strong>La maggior parte delle recensioni che troverai sull&#8217;auricolare Bluetooth invisibile per i cheat shop sono fasulle.<\/strong><\/p>\r\n<p>\u00c8 particolarmente facile per l&#8217;autore del sito fare quanto segue:<\/p>\r\n<p style=\"text-align: left;\"><strong><img decoding=\"async\" class=\" size-full wp-image-179 alignleft\" src=\"https:\/\/www.pinganillos.com\/wp-content\/uploads\/user.jpg\" alt=\"user\" width=\"48\" height=\"48\" \/>Marta-18:<\/strong>Spedizione super urgente, in 24 ore \u00e8 arrivato il pacco, molto pi\u00f9 invisibile di quanto mi aspettassi e tutti gli esami sono andati bene.<\/p>\r\n<p><strong>Webmaster:<\/strong> Grazie, siamo qui per servirti.<\/p>\r\n<p style=\"text-align: left;\"><strong><img decoding=\"async\" class=\" size-full wp-image-179 alignleft\" src=\"https:\/\/www.pinganillos.com\/wp-content\/uploads\/user.jpg\" alt=\"user\" width=\"48\" height=\"48\" \/>Jos\u00e9_32:<\/strong><\/p>\r\n<p>Mesi fa ho comprato un auricolare nascosto da un altro negozio che non funzionava, ma questo \u00e8 assolutamente favoloso, modello migliorato, molto carino e utile. Grazie.<\/p>\r\n<p><strong>Webmaster:<\/strong> Si deve sempre migliorare&#8230;<\/p>\r\n<p style=\"text-align: left;\"><strong><img decoding=\"async\" class=\" size-full wp-image-179 alignleft\" src=\"https:\/\/www.pinganillos.com\/wp-content\/uploads\/user.jpg\" alt=\"user\" width=\"48\" height=\"48\" \/>Mario_21:<\/strong><\/p>\r\n<p>Gli auricolari pi\u00f9 piccoli al mondo, capaci di farti superare tutti gli esami al meglio.<\/p>\r\n<p>Li ho contattati per alcune domande che hanno risolto immediatamente.<\/p>\r\n<p>[RICH_REVIEWS_SHOW num=&#8221;1&#8243;]<\/p>\r\n<p><strong>Questa pratica \u00e8 una vera e propria truffa ed \u00e8 vietata, ma viene comunque usata anche su Amazon, Aliexpress, ecc. Il venditore acquista valutazioni da societ\u00e0 specializzate in questa frode.<\/strong><\/p>\r\n<p>Nessuno che acquista un &#8220;auricolare nascosto&#8221; ne vuole commentare l&#8217;uso!! Al contrario, \u00e8 comune cercare il massimo anonimato, anche molti acquirenti usano la legge sulla privacy per chiederci di cancellarli una volta ricevuta l&#8217;attrezzatura.<\/p>\r\n<p>In qualit\u00e0 di titolari di diritti industriali, vietiamo ai negozi &#8220;Pinganillo&#8221; legalmente autorizzati per pubblicare commenti, poich\u00e9 questi non sarebbero mai imparziali.<\/p>\r\n<p>Il modo per assicurarsi di acquistare un prodotto di qualit\u00e0 \u00e8 quello di verificare con il Ministero dell&#8217;Industria i diritti industriali, nonch\u00e9 la loro validit\u00e0 e preesistenza, assicurandosi di acquistare dal vero proprietario.<\/p>\r\n<p><strong>Prima di utilizzare un &#8220;Auricolare Spia per copiare durante gli esami&#8221;, controlla le leggi del tuo paese: le normative in merito sono diverse e cambiano a seconda del paese, in alcuni \u00e8 esplicitamente vietato, in molti \u00e8 perfettamente legale utilizzare ausili audiovisivi e in altri \u00e8 paragonabile a qualsiasi altro supporto per la copiatura (schede, appunti, copia del compagno ecc. ecc.).<\/strong><\/p>\r\n<p>[\/vc_column_text][\/vc_column][\/vc_row][vc_row][vc_column][vc_column_text]<\/p>\r\n<p>[\/vc_column_text][\/vc_column][\/vc_row]<\/p><\/div>","protected":false},"excerpt":{"rendered":"<p>[vc_row][vc_column][vc_column_text] [\/vc_column_text][\/vc_column][\/vc_row]<\/p>\n","protected":false},"author":1,"featured_media":0,"parent":0,"menu_order":0,"comment_status":"closed","ping_status":"open","template":"","meta":{"_acf_changed":false,"_joinchat":[],"footnotes":""},"class_list":["post-1774","page","type-page","status-publish","hentry"],"acf":[],"aioseo_notices":[],"_links":{"self":[{"href":"https:\/\/www.spyearpiece.com\/it\/wp-json\/wp\/v2\/pages\/1774","targetHints":{"allow":["GET"]}}],"collection":[{"href":"https:\/\/www.spyearpiece.com\/it\/wp-json\/wp\/v2\/pages"}],"about":[{"href":"https:\/\/www.spyearpiece.com\/it\/wp-json\/wp\/v2\/types\/page"}],"author":[{"embeddable":true,"href":"https:\/\/www.spyearpiece.com\/it\/wp-json\/wp\/v2\/users\/1"}],"replies":[{"embeddable":true,"href":"https:\/\/www.spyearpiece.com\/it\/wp-json\/wp\/v2\/comments?post=1774"}],"version-history":[{"count":26,"href":"https:\/\/www.spyearpiece.com\/it\/wp-json\/wp\/v2\/pages\/1774\/revisions"}],"predecessor-version":[{"id":1801,"href":"https:\/\/www.spyearpiece.com\/it\/wp-json\/wp\/v2\/pages\/1774\/revisions\/1801"}],"wp:attachment":[{"href":"https:\/\/www.spyearpiece.com\/it\/wp-json\/wp\/v2\/media?parent=1774"}],"curies":[{"name":"wp","href":"https:\/\/api.w.org\/{rel}","templated":true}]}}