{"id":1802,"date":"2023-07-31T12:20:12","date_gmt":"2023-07-31T12:20:12","guid":{"rendered":"https:\/\/www.spyearpiece.com\/la-migliore-fotocamera-da-copiare-negli-esami-dimostrazione-video\/"},"modified":"2023-07-31T12:47:24","modified_gmt":"2023-07-31T12:47:24","slug":"la-migliore-fotocamera-da-copiare-negli-esami-dimostrazione-video","status":"publish","type":"page","link":"https:\/\/www.spyearpiece.com\/it\/la-migliore-fotocamera-da-copiare-negli-esami-dimostrazione-video\/","title":{"rendered":"La migliore fotocamera da copiare negli esami (Dimostrazione video)"},"content":{"rendered":"<div class=\"wpb-content-wrapper\"><p>[vc_row][vc_column][vc_video link=&#8221;https:\/\/vimeo.com\/850143777&#8243; title=&#8221;La migliore fotocamera da copiare negli esami&#8221;][\/vc_column][\/vc_row][vc_row][vc_column][vc_btn title=&#8221;Vai alla Telecamera per gli esami&#8221; color=&#8221;primary&#8221; link=&#8221;url:https%3A%2F%2Fvimeo.com%2F850143777|title:Telecamera%20per%20gli%20esami&#8221;][\/vc_column][\/vc_row][vc_row][vc_column][vc_column_text]Il gruppo SosEspias presenta la nuova versione della <a title=\"Fotocamara Lar Pro per gli esami\" href=\"https:\/\/www.spyearpiece.com\/it\/prodotto\/telecamera-per-imbrogliare-agli-esami-lar-pro-4g\/\"><strong>Fotocamara Lar Pro per gli esami<\/strong><\/a>.<\/p>\n<p>Questo \u00e8 solo l&#8217;inizio\u2026<\/p>\n<p>Infatti, l&#8217;ultimo modello di <strong>Mini Camera Lar Pro<\/strong> pu\u00f2 leggere e inviare pi\u00f9 di 40 documenti in 60 secondi.<\/p>\n<p>Guarda pure il cronometro\u2026<\/p>\n<p>In questa versione abbiamo cercato di ottenere un design che renda particolarmente semplice l&#8217;occultamento totale in qualsiasi capo vestiario.<\/p>\n<p>La <a title=\"Micro\u00a0Camera Lar Pro per esami\" href=\"https:\/\/www.spyearpiece.com\/it\/prodotto\/telecamera-per-imbrogliare-agli-esami-lar-pro-4g\/\"><strong>Micro\u00a0Camera Lar Pro per esami<\/strong><\/a> \u00e8 gi\u00e0 installata, non c&#8217;\u00e8 bisogno di configurare niente.<\/p>\n<p>Ci siamo impegnati per camuffare la migliore fotocamera sul mercato per inviare documenti in tempo record con un risultato incredibile.<\/p>\n<p>Nella parte superiore, puoi facilmente osservare ci\u00f2 che la telecamera capta\u2026<\/p>\n<p>il suo pannello di controllo mostra infatti una visuale perfetta.<\/p>\n<p>Nemmeno sapendo che c&#8217;\u00e8 una <strong>telecamera<\/strong> in un determinato posto, sar\u00e0 possibile trovare qualcosa che susciti anche il minimo sospetto.<\/p>\n<p>Prova a trovare la fotocamera, sar\u00e0 impossibile.[\/vc_column_text][\/vc_column][\/vc_row][vc_row][vc_column][vc_btn title=&#8221;Vai alla Telecamera per gli esami&#8221; color=&#8221;primary&#8221; link=&#8221;url:https%3A%2F%2Fwww.spyearpiece.com%2Fit%2Ftelecamera-nascosta-per-esami%2F|title:Telecamera%20per%20gli%20esami|&#8221;][\/vc_column][\/vc_row]<\/p>\n<\/div>","protected":false},"excerpt":{"rendered":"<p>[vc_row][vc_column][vc_video link=&#8221;https:\/\/vimeo.com\/850143777&#8243; title=&#8221;La migliore fotocamera da copiare negli esami&#8221;][\/vc_column][\/vc_row][vc_row][vc_column][vc_btn title=&#8221;Vai alla Telecamera per gli esami&#8221; color=&#8221;primary&#8221; link=&#8221;url:https%3A%2F%2Fvimeo.com%2F850143777|title:Telecamera%20per%20gli%20esami&#8221;][\/vc_column][\/vc_row][vc_row][vc_column][vc_column_text]Il gruppo SosEspias presenta la nuova versione della Fotocamara Lar Pro per gli esami. Questo \u00e8 solo l&#8217;inizio\u2026 Infatti, l&#8217;ultimo modello di Mini Camera Lar Pro pu\u00f2 leggere e inviare pi\u00f9 di 40 documenti in 60 secondi. Guarda pure [&hellip;]<\/p>\n","protected":false},"author":1,"featured_media":0,"parent":0,"menu_order":0,"comment_status":"closed","ping_status":"closed","template":"","meta":{"_acf_changed":false,"_joinchat":[],"footnotes":""},"class_list":["post-1802","page","type-page","status-publish","hentry"],"acf":[],"aioseo_notices":[],"_links":{"self":[{"href":"https:\/\/www.spyearpiece.com\/it\/wp-json\/wp\/v2\/pages\/1802","targetHints":{"allow":["GET"]}}],"collection":[{"href":"https:\/\/www.spyearpiece.com\/it\/wp-json\/wp\/v2\/pages"}],"about":[{"href":"https:\/\/www.spyearpiece.com\/it\/wp-json\/wp\/v2\/types\/page"}],"author":[{"embeddable":true,"href":"https:\/\/www.spyearpiece.com\/it\/wp-json\/wp\/v2\/users\/1"}],"replies":[{"embeddable":true,"href":"https:\/\/www.spyearpiece.com\/it\/wp-json\/wp\/v2\/comments?post=1802"}],"version-history":[{"count":7,"href":"https:\/\/www.spyearpiece.com\/it\/wp-json\/wp\/v2\/pages\/1802\/revisions"}],"predecessor-version":[{"id":1809,"href":"https:\/\/www.spyearpiece.com\/it\/wp-json\/wp\/v2\/pages\/1802\/revisions\/1809"}],"wp:attachment":[{"href":"https:\/\/www.spyearpiece.com\/it\/wp-json\/wp\/v2\/media?parent=1802"}],"curies":[{"name":"wp","href":"https:\/\/api.w.org\/{rel}","templated":true}]}}