{"id":1692,"date":"2021-01-01T17:28:57","date_gmt":"2021-01-01T17:28:57","guid":{"rendered":"https:\/\/www.spyearpiece.com\/product\/camera-lar-per-esami\/"},"modified":"2023-09-10T20:05:39","modified_gmt":"2023-09-10T20:05:39","slug":"camera-per-esami-con-auricolare-lar","status":"publish","type":"product","link":"https:\/\/www.spyearpiece.com\/it\/prodotto\/camera-per-esami-con-auricolare-lar\/","title":{"rendered":"Camera per esami con auricolare Lar\u00ae"},"content":{"rendered":"<div class=\"wpb-content-wrapper\"><p>[vc_row][vc_column][vc_column_text]<\/p>\n<h2 align=\"center\">Camera per esami Lar\u00ae<\/h2>\n<p>[\/vc_column_text][\/vc_column][\/vc_row][vc_row][vc_column][vc_column_text]<\/p>\n<h2 style=\"text-align: center;\">&#8220;Telecamera per auricolare nascosto&#8221;, fotocamera e auricolare per esami<\/h2>\n<p>Questa &#8220;<strong>telecamera spia con auricolare nascosto per esami<\/strong>&#8221; e fornisce una soluzione al problema tipico di questo modello di device, consentendo di mettere a fuoco e trasmettere il documento senza compiere alcun movimento sospetto a una distanza illimitata, eliminando i pulsanti sospetti e il WiFi segnale (il pi\u00f9 facile da rilevare).<\/p>\n<p><strong>Fotocamera per barare agli esami&#8230;<\/strong><\/p>\n<p>Utilizzando la frequenza 3G-Gprs-Gsm, le nostre apparecchiature possono operare in termini di copertura nel 90% del mondo.<\/p>\n<p><strong>(Offriamo un&#8217;altra <a title=\"fotocamera 4G per gli esami\" href=\"https:\/\/www.spyearpiece.com\/it\/telecamera-per-imbrogliare-agli-esami-lar-pro-4g\/\">fotocamera 4G per gli esami<\/a>)<\/strong><\/p>\n<p>Il nostro assistente ricever\u00e0 paragrafi o acquisizioni di documenti a grandezza naturale trasmessi direttamente dall&#8217;altra parte del paese senza che nessuno intorno a noi se ne accorga.<\/p>\n<p>Per la trasmissione di documenti, <strong>la telecamera con Auricolari Lar spia<\/strong> pu\u00f2 funzionare in due modi:<\/p>\n<p><strong>Camera per esami con auricolare che trasmette video in tempo reale <\/strong>(prima parte del nostro video dimostrativo)<\/p>\n<p><strong>Fotocamera per esami con auricolare che trasmette le foto dell&#8217;esame in tempo reale<\/strong> (48 secondi)<\/p>\n<p align=\"center\"><strong>\u00a0<\/strong><\/p>\n<h2><span style=\"font-size: x-large;\">Copiare agli esami con una fotocamera e un auricolare<\/span><\/h2>\n<p>[\/vc_column_text][\/vc_column][\/vc_row][vc_row][vc_column][vc_video link=&#8221;https:\/\/vimeo.com\/846383368&#8243;][\/vc_column][\/vc_row][vc_row][vc_column][vc_column_text]Please wait until you see the video<\/p>\n<p>SPIEGAZIONE VIDEO<\/p>\n<p><a title=\"Spy Earpiece to exams\" href=\"https:\/\/www.spyearpiece.com\/it\/\">Spy Earpiece<\/a>.Com<\/p>\n<p>presenta la Camara Lar per inviare testi e documenti in maniera impercettibile e a distanza illimitata.<\/p>\n<p>Questo fantastico sistema progettato da SpyEarpiece.Com \u00e8 stato ideato per funzionare in combinazione con una penna, permettendoti cos\u00ec di captare con la massima comodit\u00e0 un testo anche semplicemente evidenziandolo, mentre trasmetti all&#8217;estero senza correre alcun pericolo.<\/p>\n<p>Se qualcuno dovesse sospettare qualcosa, la fotocamera potr\u00e0 scomparire (non \u00e8 infatti una microcamera), la penna potr\u00e0 poi essere smontata, o mostrata o regalata, proprio perch\u00e9 incredibilmente particolare!<\/p>\n<p>Di seguito, mostreremo come \u00e8 possibile ricevere un testo direttamente sullo schermo del telefono cellulare a una distanza illimitata.<\/p>\n<p>La stessa fotocamera pu\u00f2 infatti trasmettere video o inviare pagine intere, come puoi ben vedere qui.<\/p>\n<p>Un&#8217;altra opzione offerta da Camara Lar e molto importante e utile durante gli esami \u00e8 lo streaming a pagina intera. In questo caso, SpyEarpiece.Com ci mostra come ricevere le informazioni di cui abbiamo bisogno su un qualsiasi tipo di smartphone.<\/p>\n<p>Se il telefono non dovesse disporre di un display adatto, le pagine potranno essere inviate al computer, dove sar\u00e0 possibile visualizzarle pi\u00f9 comodamente.<\/p>\n<p>Tuttavia, come si vede nel video, baster\u00e0 possedere un qualsiasi tipo di smartphone poich\u00e9, grazie alla funzione zoom, potremo scorrere il documento e leggerlo in totale chiarezza e comprensibilit\u00e0.<\/p>\n<p>Generalmente questo tipo di fotocamera viene utilizzata insieme ad una &#8220;<strong>Auricolare Nascosto<\/strong>&#8221; con la quale il nostro assistente, dopo aver ricevuto i testi, pu\u00f2 fornire i dati e le informazioni richieste senza che nessuno si accorga assolutamente di niente.<\/p>\n<p>Attenzione: <strong>imbrogliare a un test, barare agli esami<\/strong> o realizzare <strong>frodi agli esami <\/strong>con questa fotocamera e l&#8217;apposito auricolare potrebbe per\u00f2 essere proibito nel tuo paese\u2026<\/p>\n<p style=\"text-align: right;\">Tags:&#8221;Fotocamera a pulsante WiFi con auricolare nascosto&#8221;, &#8220;Microcamera per esami&#8221;,&#8221;Fotocamera per frodare negli esami&#8221;, &#8220;Fotocamera con auricolare nascosto&#8221;, &#8220;Camera per esami Lar&#8221;, &#8220;Telecamera per auricolare nascosto&#8221;<\/p>\n<p>\u00a0[\/vc_column_text][\/vc_column][\/vc_row][vc_row][vc_column][vc_icon icon_fontawesome=&#8221;fab fa-youtube&#8221; color=&#8221;grey&#8221; size=&#8221;xl&#8221; align=&#8221;center&#8221; link=&#8221;url:https%3A%2F%2Fwww.spyearpiece.com%2Fspy-earpiece-camera-cheating-exam-camera%2F|title:Spy%20Earpiece%20Camera&#8221;][vc_column_text]<\/p>\n<p style=\"text-align: center;\"><span style=\"color: #3366ff; font-size: 24pt;\"><a style=\"color: #3366ff;\" title=\"Guarda il video dimostrativo e il confronto delle funzionalit\u00e0...\" href=\"https:\/\/www.spyearpiece.com\/it\/telecamera-nascosta-per-esami\/\">Guarda il video dimostrativo e il confronto delle funzionalit\u00e0&#8230;<\/a><\/span><\/p>\n<p>\u00a0[\/vc_column_text][\/vc_column][\/vc_row]<\/p>\n<\/div>","protected":false},"excerpt":{"rendered":"<p>[vc_row][vc_column][vc_column_text] Camera per esami Lar\u00ae [\/vc_column_text][\/vc_column][\/vc_row][vc_row][vc_column][vc_column_text] &#8220;Telecamera per auricolare nascosto&#8221;, fotocamera e auricolare per esami Questa &#8220;telecamera spia con auricolare nascosto per esami&#8221; e fornisce una soluzione al problema tipico di questo modello di device, consentendo di mettere a fuoco e trasmettere il documento senza compiere alcun movimento sospetto a una distanza illimitata, eliminando i [&hellip;]<\/p>\n","protected":false},"featured_media":1191,"comment_status":"closed","ping_status":"closed","template":"","meta":{"_acf_changed":false,"_joinchat":[]},"product_brand":[],"product_cat":[53,52],"product_tag":[],"class_list":{"0":"post-1692","1":"product","2":"type-product","3":"status-publish","4":"has-post-thumbnail","6":"product_cat-fotocamera-to-esami","7":"product_cat-microauricolari-spia-per-esami","9":"first","10":"instock","11":"featured","12":"shipping-taxable","13":"purchasable","14":"product-type-simple"},"acf":[],"aioseo_notices":[],"_links":{"self":[{"href":"https:\/\/www.spyearpiece.com\/it\/wp-json\/wp\/v2\/product\/1692","targetHints":{"allow":["GET"]}}],"collection":[{"href":"https:\/\/www.spyearpiece.com\/it\/wp-json\/wp\/v2\/product"}],"about":[{"href":"https:\/\/www.spyearpiece.com\/it\/wp-json\/wp\/v2\/types\/product"}],"replies":[{"embeddable":true,"href":"https:\/\/www.spyearpiece.com\/it\/wp-json\/wp\/v2\/comments?post=1692"}],"wp:featuredmedia":[{"embeddable":true,"href":"https:\/\/www.spyearpiece.com\/it\/wp-json\/wp\/v2\/media\/1191"}],"wp:attachment":[{"href":"https:\/\/www.spyearpiece.com\/it\/wp-json\/wp\/v2\/media?parent=1692"}],"wp:term":[{"taxonomy":"product_brand","embeddable":true,"href":"https:\/\/www.spyearpiece.com\/it\/wp-json\/wp\/v2\/product_brand?post=1692"},{"taxonomy":"product_cat","embeddable":true,"href":"https:\/\/www.spyearpiece.com\/it\/wp-json\/wp\/v2\/product_cat?post=1692"},{"taxonomy":"product_tag","embeddable":true,"href":"https:\/\/www.spyearpiece.com\/it\/wp-json\/wp\/v2\/product_tag?post=1692"}],"curies":[{"name":"wp","href":"https:\/\/api.w.org\/{rel}","templated":true}]}}